{"id":559,"date":"2018-10-04T16:28:37","date_gmt":"2018-10-04T13:28:37","guid":{"rendered":"https:\/\/kimpkommidest.ee\/?post_type=product&#038;p=559"},"modified":"2024-11-19T12:43:39","modified_gmt":"2024-11-19T09:43:39","slug":"melania","status":"publish","type":"product","link":"https:\/\/kimpkommidest.ee\/ru\/shop\/lilled-kommidega-korvis\/melania\/","title":{"rendered":"&#187;\u041c\u0435\u043b\u0430\u043d\u0438\u044f&#187; \ud83d\udc0c"},"content":{"rendered":"","protected":false},"excerpt":{"rendered":"<p>\u042f\u0440\u043a\u0430\u044f \u0441\u0438\u043d\u0435-\u0431\u0435\u043b\u0430\u044f \u043a\u043e\u0440\u0437\u0438\u043d\u0430 \u0438\u0437 \u043a\u043e\u043d\u0444\u0435\u0442 \u043f\u0440\u0435\u043a\u0440\u0430\u0441\u043d\u043e \u043f\u043e\u0434\u043e\u0439\u0434\u0451\u0442 \u0432 \u043f\u043e\u0434\u0430\u0440\u043e\u043a \ud83c\udf38\ud83c\udf3c \u043d\u0430 \u0434\u0435\u043d\u044c \u0440\u043e\u0436\u0434\u0435\u043d\u0438\u044f \u0438\u043b\u0438 \u0432 \u0437\u043d\u0430\u043a \u0431\u043b\u0430\u0433\u043e\u0434\u0430\u0440\u043d\u043e\u0441\u0442\u0438. \u0412 \u043a\u0430\u0436\u0434\u043e\u043c \u0446\u0432\u0435\u0442\u043a\u0435 &#8212; \u043d\u0435\u0436\u043d\u044b\u0435 \u0448\u043e\u043a\u043e\u043b\u0430\u0434\u043d\u044b\u0435 \u0442\u0440\u044e\u0444\u0435\u043b\u0438, \u043a\u043e\u0442\u043e\u0440\u044b\u0435 \u0442\u0430\u044e\u0442 \u0432\u043e \u0440\u0442\u0443!<\/p>\n<p>\u0420\u0430\u0437\u043c\u0435\u0440: \u0431\u043e\u043b\u044c\u0448\u0430\u044f<\/p>\n","protected":false},"featured_media":677,"template":"","meta":[],"product_cat":[20],"product_tag":[],"class_list":{"0":"post-559","1":"product","2":"type-product","3":"status-publish","4":"has-post-thumbnail","6":"product_cat-lilled-kommidega-korvis","8":"first","9":"instock","10":"taxable","11":"shipping-taxable","12":"purchasable","13":"product-type-simple"},"yoast_head":"<!-- This site is optimized with the Yoast SEO plugin v23.2 - https:\/\/yoast.com\/wordpress\/plugins\/seo\/ -->\n<title>&quot;\u041c\u0435\u043b\u0430\u043d\u0438\u044f&quot; \ud83d\udc0c - \u0421\u043b\u0430\u0434\u043a\u0438\u0439 \u0431\u0443\u043a\u0435\u0442 \u0438\u0437 \u043a\u043e\u043d\u0444\u0435\u0442<\/title>\n<meta name=\"robots\" content=\"index, follow, max-snippet:-1, max-image-preview:large, max-video-preview:-1\" \/>\n<link rel=\"canonical\" href=\"https:\/\/kimpkommidest.ee\/shop\/lilled-kommidega-korvis\/melania\/\" \/>\n<meta property=\"og:locale\" content=\"ru_RU\" \/>\n<meta property=\"og:type\" content=\"article\" \/>\n<meta property=\"og:title\" content=\"[:et]&quot;Melania&quot; \ud83d\udc0c[:ru]&quot;\u041c\u0435\u043b\u0430\u043d\u0438\u044f&quot; \ud83d\udc0c[:] - \u0421\u043b\u0430\u0434\u043a\u0438\u0439 \u0431\u0443\u043a\u0435\u0442 \u0438\u0437 \u043a\u043e\u043d\u0444\u0435\u0442\" \/>\n<meta property=\"og:description\" content=\"[:et]Sini-valge lillekorv \ud83c\udf38\ud83c\udf3c\u00a0h\u00e4sti sobiks s\u00fcnnip\u00e4evaks v\u00f5i t\u00e4nu avaldamiseks. Iga lille sees on \u00f5rn \u0161okolaadi tr\u00fchvel, mis sulab suus!  Suurus: suur[:ru]\u042f\u0440\u043a\u0430\u044f \u0441\u0438\u043d\u0435-\u0431\u0435\u043b\u0430\u044f \u043a\u043e\u0440\u0437\u0438\u043d\u0430 \u0438\u0437 \u043a\u043e\u043d\u0444\u0435\u0442 \u043f\u0440\u0435\u043a\u0440\u0430\u0441\u043d\u043e \u043f\u043e\u0434\u043e\u0439\u0434\u0451\u0442 \u0432 \u043f\u043e\u0434\u0430\u0440\u043e\u043a \ud83c\udf38\ud83c\udf3c \u043d\u0430 \u0434\u0435\u043d\u044c \u0440\u043e\u0436\u0434\u0435\u043d\u0438\u044f \u0438\u043b\u0438 \u0432 \u0437\u043d\u0430\u043a \u0431\u043b\u0430\u0433\u043e\u0434\u0430\u0440\u043d\u043e\u0441\u0442\u0438. \u0412 \u043a\u0430\u0436\u0434\u043e\u043c \u0446\u0432\u0435\u0442\u043a\u0435 - \u043d\u0435\u0436\u043d\u044b\u0435 \u0448\u043e\u043a\u043e\u043b\u0430\u0434\u043d\u044b\u0435 \u0442\u0440\u044e\u0444\u0435\u043b\u0438, \u043a\u043e\u0442\u043e\u0440\u044b\u0435 \u0442\u0430\u044e\u0442 \u0432\u043e \u0440\u0442\u0443!  \u0420\u0430\u0437\u043c\u0435\u0440: \u0431\u043e\u043b\u044c\u0448\u0430\u044f[:]\" \/>\n<meta property=\"og:url\" content=\"https:\/\/kimpkommidest.ee\/shop\/lilled-kommidega-korvis\/melania\/\" \/>\n<meta property=\"og:site_name\" content=\"\u0421\u043b\u0430\u0434\u043a\u0438\u0439 \u0431\u0443\u043a\u0435\u0442 \u0438\u0437 \u043a\u043e\u043d\u0444\u0435\u0442\" \/>\n<meta property=\"article:modified_time\" content=\"2024-11-19T09:43:39+00:00\" \/>\n<meta property=\"og:image\" content=\"https:\/\/kimpkommidest.ee\/wp-content\/uploads\/2018\/10\/IMG_6210.jpg\" \/>\n\t<meta property=\"og:image:width\" content=\"2592\" \/>\n\t<meta property=\"og:image:height\" content=\"1944\" \/>\n\t<meta property=\"og:image:type\" content=\"image\/jpeg\" \/>\n<meta name=\"twitter:card\" content=\"summary_large_image\" \/>\n<script type=\"application\/ld+json\" class=\"yoast-schema-graph\">{\"@context\":\"https:\/\/schema.org\",\"@graph\":[{\"@type\":\"WebPage\",\"@id\":\"https:\/\/kimpkommidest.ee\/shop\/lilled-kommidega-korvis\/melania\/\",\"url\":\"https:\/\/kimpkommidest.ee\/shop\/lilled-kommidega-korvis\/melania\/\",\"name\":\"[:et]\\\"Melania\\\" \ud83d\udc0c[:ru]\\\"\u041c\u0435\u043b\u0430\u043d\u0438\u044f\\\" \ud83d\udc0c[:] - \u0421\u043b\u0430\u0434\u043a\u0438\u0439 \u0431\u0443\u043a\u0435\u0442 \u0438\u0437 \u043a\u043e\u043d\u0444\u0435\u0442\",\"isPartOf\":{\"@id\":\"https:\/\/kimpkommidest.ee\/ru\/#website\"},\"primaryImageOfPage\":{\"@id\":\"https:\/\/kimpkommidest.ee\/shop\/lilled-kommidega-korvis\/melania\/#primaryimage\"},\"image\":{\"@id\":\"https:\/\/kimpkommidest.ee\/shop\/lilled-kommidega-korvis\/melania\/#primaryimage\"},\"thumbnailUrl\":\"https:\/\/kimpkommidest.ee\/wp-content\/uploads\/2018\/10\/IMG_6210.jpg\",\"datePublished\":\"2018-10-04T13:28:37+00:00\",\"dateModified\":\"2024-11-19T09:43:39+00:00\",\"breadcrumb\":{\"@id\":\"https:\/\/kimpkommidest.ee\/shop\/lilled-kommidega-korvis\/melania\/#breadcrumb\"},\"inLanguage\":\"ru-RU\",\"potentialAction\":[{\"@type\":\"ReadAction\",\"target\":[\"https:\/\/kimpkommidest.ee\/shop\/lilled-kommidega-korvis\/melania\/\"]}]},{\"@type\":\"ImageObject\",\"inLanguage\":\"ru-RU\",\"@id\":\"https:\/\/kimpkommidest.ee\/shop\/lilled-kommidega-korvis\/melania\/#primaryimage\",\"url\":\"https:\/\/kimpkommidest.ee\/wp-content\/uploads\/2018\/10\/IMG_6210.jpg\",\"contentUrl\":\"https:\/\/kimpkommidest.ee\/wp-content\/uploads\/2018\/10\/IMG_6210.jpg\",\"width\":2592,\"height\":1944},{\"@type\":\"BreadcrumbList\",\"@id\":\"https:\/\/kimpkommidest.ee\/shop\/lilled-kommidega-korvis\/melania\/#breadcrumb\",\"itemListElement\":[{\"@type\":\"ListItem\",\"position\":1,\"name\":\"\u0413\u043b\u0430\u0432\u043d\u0430\u044f \u0441\u0442\u0440\u0430\u043d\u0438\u0446\u0430\",\"item\":\"https:\/\/kimpkommidest.ee\/\"},{\"@type\":\"ListItem\",\"position\":2,\"name\":\"\u041c\u0430\u0433\u0430\u0437\u0438\u043d\",\"item\":\"https:\/\/kimpkommidest.ee\/\"},{\"@type\":\"ListItem\",\"position\":3,\"name\":\"[:et]&#187;Melania&#187; \ud83d\udc0c[:ru]&#187;\u041c\u0435\u043b\u0430\u043d\u0438\u044f&#187; \ud83d\udc0c[:]\"}]},{\"@type\":\"WebSite\",\"@id\":\"https:\/\/kimpkommidest.ee\/ru\/#website\",\"url\":\"https:\/\/kimpkommidest.ee\/ru\/\",\"name\":\"\u0421\u043b\u0430\u0434\u043a\u0438\u0439 \u0431\u0443\u043a\u0435\u0442 \u0438\u0437 \u043a\u043e\u043d\u0444\u0435\u0442\",\"description\":\"\u0417\u0430\u043c\u0435\u0447\u0430\u0442\u0435\u043b\u044c\u043d\u044b\u0439 \u043f\u043e\u0434\u0430\u0440\u043e\u043a \u0434\u043b\u044f \u0431\u043b\u0438\u0437\u043a\u0438\u0445\",\"potentialAction\":[{\"@type\":\"SearchAction\",\"target\":{\"@type\":\"EntryPoint\",\"urlTemplate\":\"https:\/\/kimpkommidest.ee\/ru\/?s={search_term_string}\"},\"query-input\":\"required name=search_term_string\"}],\"inLanguage\":\"ru-RU\"}]}<\/script>\n<!-- \/ Yoast SEO plugin. -->","yoast_head_json":{"title":"[:et]\"Melania\" \ud83d\udc0c[:ru]\"\u041c\u0435\u043b\u0430\u043d\u0438\u044f\" \ud83d\udc0c[:] - \u0421\u043b\u0430\u0434\u043a\u0438\u0439 \u0431\u0443\u043a\u0435\u0442 \u0438\u0437 \u043a\u043e\u043d\u0444\u0435\u0442","robots":{"index":"index","follow":"follow","max-snippet":"max-snippet:-1","max-image-preview":"max-image-preview:large","max-video-preview":"max-video-preview:-1"},"canonical":"https:\/\/kimpkommidest.ee\/shop\/lilled-kommidega-korvis\/melania\/","og_locale":"ru_RU","og_type":"article","og_title":"[:et]\"Melania\" \ud83d\udc0c[:ru]\"\u041c\u0435\u043b\u0430\u043d\u0438\u044f\" \ud83d\udc0c[:] - \u0421\u043b\u0430\u0434\u043a\u0438\u0439 \u0431\u0443\u043a\u0435\u0442 \u0438\u0437 \u043a\u043e\u043d\u0444\u0435\u0442","og_description":"[:et]Sini-valge lillekorv \ud83c\udf38\ud83c\udf3c\u00a0h\u00e4sti sobiks s\u00fcnnip\u00e4evaks v\u00f5i t\u00e4nu avaldamiseks. Iga lille sees on \u00f5rn \u0161okolaadi tr\u00fchvel, mis sulab suus!  Suurus: suur[:ru]\u042f\u0440\u043a\u0430\u044f \u0441\u0438\u043d\u0435-\u0431\u0435\u043b\u0430\u044f \u043a\u043e\u0440\u0437\u0438\u043d\u0430 \u0438\u0437 \u043a\u043e\u043d\u0444\u0435\u0442 \u043f\u0440\u0435\u043a\u0440\u0430\u0441\u043d\u043e \u043f\u043e\u0434\u043e\u0439\u0434\u0451\u0442 \u0432 \u043f\u043e\u0434\u0430\u0440\u043e\u043a \ud83c\udf38\ud83c\udf3c \u043d\u0430 \u0434\u0435\u043d\u044c \u0440\u043e\u0436\u0434\u0435\u043d\u0438\u044f \u0438\u043b\u0438 \u0432 \u0437\u043d\u0430\u043a \u0431\u043b\u0430\u0433\u043e\u0434\u0430\u0440\u043d\u043e\u0441\u0442\u0438. \u0412 \u043a\u0430\u0436\u0434\u043e\u043c \u0446\u0432\u0435\u0442\u043a\u0435 - \u043d\u0435\u0436\u043d\u044b\u0435 \u0448\u043e\u043a\u043e\u043b\u0430\u0434\u043d\u044b\u0435 \u0442\u0440\u044e\u0444\u0435\u043b\u0438, \u043a\u043e\u0442\u043e\u0440\u044b\u0435 \u0442\u0430\u044e\u0442 \u0432\u043e \u0440\u0442\u0443!  \u0420\u0430\u0437\u043c\u0435\u0440: \u0431\u043e\u043b\u044c\u0448\u0430\u044f[:]","og_url":"https:\/\/kimpkommidest.ee\/shop\/lilled-kommidega-korvis\/melania\/","og_site_name":"\u0421\u043b\u0430\u0434\u043a\u0438\u0439 \u0431\u0443\u043a\u0435\u0442 \u0438\u0437 \u043a\u043e\u043d\u0444\u0435\u0442","article_modified_time":"2024-11-19T09:43:39+00:00","og_image":[{"width":2592,"height":1944,"url":"https:\/\/kimpkommidest.ee\/wp-content\/uploads\/2018\/10\/IMG_6210.jpg","type":"image\/jpeg"}],"twitter_card":"summary_large_image","schema":{"@context":"https:\/\/schema.org","@graph":[{"@type":"WebPage","@id":"https:\/\/kimpkommidest.ee\/shop\/lilled-kommidega-korvis\/melania\/","url":"https:\/\/kimpkommidest.ee\/shop\/lilled-kommidega-korvis\/melania\/","name":"[:et]\"Melania\" \ud83d\udc0c[:ru]\"\u041c\u0435\u043b\u0430\u043d\u0438\u044f\" \ud83d\udc0c[:] - \u0421\u043b\u0430\u0434\u043a\u0438\u0439 \u0431\u0443\u043a\u0435\u0442 \u0438\u0437 \u043a\u043e\u043d\u0444\u0435\u0442","isPartOf":{"@id":"https:\/\/kimpkommidest.ee\/ru\/#website"},"primaryImageOfPage":{"@id":"https:\/\/kimpkommidest.ee\/shop\/lilled-kommidega-korvis\/melania\/#primaryimage"},"image":{"@id":"https:\/\/kimpkommidest.ee\/shop\/lilled-kommidega-korvis\/melania\/#primaryimage"},"thumbnailUrl":"https:\/\/kimpkommidest.ee\/wp-content\/uploads\/2018\/10\/IMG_6210.jpg","datePublished":"2018-10-04T13:28:37+00:00","dateModified":"2024-11-19T09:43:39+00:00","breadcrumb":{"@id":"https:\/\/kimpkommidest.ee\/shop\/lilled-kommidega-korvis\/melania\/#breadcrumb"},"inLanguage":"ru-RU","potentialAction":[{"@type":"ReadAction","target":["https:\/\/kimpkommidest.ee\/shop\/lilled-kommidega-korvis\/melania\/"]}]},{"@type":"ImageObject","inLanguage":"ru-RU","@id":"https:\/\/kimpkommidest.ee\/shop\/lilled-kommidega-korvis\/melania\/#primaryimage","url":"https:\/\/kimpkommidest.ee\/wp-content\/uploads\/2018\/10\/IMG_6210.jpg","contentUrl":"https:\/\/kimpkommidest.ee\/wp-content\/uploads\/2018\/10\/IMG_6210.jpg","width":2592,"height":1944},{"@type":"BreadcrumbList","@id":"https:\/\/kimpkommidest.ee\/shop\/lilled-kommidega-korvis\/melania\/#breadcrumb","itemListElement":[{"@type":"ListItem","position":1,"name":"\u0413\u043b\u0430\u0432\u043d\u0430\u044f \u0441\u0442\u0440\u0430\u043d\u0438\u0446\u0430","item":"https:\/\/kimpkommidest.ee\/"},{"@type":"ListItem","position":2,"name":"\u041c\u0430\u0433\u0430\u0437\u0438\u043d","item":"https:\/\/kimpkommidest.ee\/"},{"@type":"ListItem","position":3,"name":"[:et]&#187;Melania&#187; \ud83d\udc0c[:ru]&#187;\u041c\u0435\u043b\u0430\u043d\u0438\u044f&#187; \ud83d\udc0c[:]"}]},{"@type":"WebSite","@id":"https:\/\/kimpkommidest.ee\/ru\/#website","url":"https:\/\/kimpkommidest.ee\/ru\/","name":"\u0421\u043b\u0430\u0434\u043a\u0438\u0439 \u0431\u0443\u043a\u0435\u0442 \u0438\u0437 \u043a\u043e\u043d\u0444\u0435\u0442","description":"\u0417\u0430\u043c\u0435\u0447\u0430\u0442\u0435\u043b\u044c\u043d\u044b\u0439 \u043f\u043e\u0434\u0430\u0440\u043e\u043a \u0434\u043b\u044f \u0431\u043b\u0438\u0437\u043a\u0438\u0445","potentialAction":[{"@type":"SearchAction","target":{"@type":"EntryPoint","urlTemplate":"https:\/\/kimpkommidest.ee\/ru\/?s={search_term_string}"},"query-input":"required name=search_term_string"}],"inLanguage":"ru-RU"}]}},"_links":{"self":[{"href":"https:\/\/kimpkommidest.ee\/ru\/wp-json\/wp\/v2\/product\/559"}],"collection":[{"href":"https:\/\/kimpkommidest.ee\/ru\/wp-json\/wp\/v2\/product"}],"about":[{"href":"https:\/\/kimpkommidest.ee\/ru\/wp-json\/wp\/v2\/types\/product"}],"wp:featuredmedia":[{"embeddable":true,"href":"https:\/\/kimpkommidest.ee\/ru\/wp-json\/wp\/v2\/media\/677"}],"wp:attachment":[{"href":"https:\/\/kimpkommidest.ee\/ru\/wp-json\/wp\/v2\/media?parent=559"}],"wp:term":[{"taxonomy":"product_cat","embeddable":true,"href":"https:\/\/kimpkommidest.ee\/ru\/wp-json\/wp\/v2\/product_cat?post=559"},{"taxonomy":"product_tag","embeddable":true,"href":"https:\/\/kimpkommidest.ee\/ru\/wp-json\/wp\/v2\/product_tag?post=559"}],"curies":[{"name":"wp","href":"https:\/\/api.w.org\/{rel}","templated":true}]}}