{"id":485,"date":"2018-06-18T22:43:53","date_gmt":"2018-06-18T19:43:53","guid":{"rendered":"https:\/\/kimpkommidest.ee\/?post_type=product&#038;p=485"},"modified":"2019-11-15T11:46:39","modified_gmt":"2019-11-15T08:46:39","slug":"kommikimp-greta","status":"publish","type":"product","link":"https:\/\/kimpkommidest.ee\/ru\/shop\/lilled-kommidega-korvis\/kommikimp-greta\/","title":{"rendered":"\u0411\u0443\u043a\u0435\u0442 \u201cGreta\u201d \ud83c\udf38"},"content":{"rendered":"","protected":false},"excerpt":{"rendered":"<p>\u00ab\u0413\u0440\u0435\u0442\u0442\u0430\u00bb<\/p>\n<div class=\"text_exposed_show\">\n<p>\u0414\u0435\u0441\u044f\u0442\u044c \u0447\u0443\u0434\u0435\u0441\u043d\u044b\u0445\u00a0<span class=\"_5mfr _47e3\"><span class=\"_7oe\">\ud83e\uddda\ud83c\udffb\u200d\u2640\ufe0f<\/span><\/span>\u0440\u043e\u0437 \u0440\u0443\u0447\u043d\u043e\u0439 \u0440\u0430\u0431\u043e\u0442\u044b \u0438 \u043d\u0435\u0436\u043d\u044b\u0435 \u043c\u0430\u043b\u0435\u043d\u044c\u043a\u0438\u0435\u00a0<span class=\"_5mfr _47e3\"><span class=\"_7oe\">\ud83c\udf38<\/span><\/span><span class=\"_5mfr _47e3\"><span class=\"_7oe\">\ud83e\udd8b<\/span><\/span>\u0442\u044e\u043b\u044c\u043f\u0430\u043d\u044b \u0432 \u0434\u0435\u0440\u0435\u0432\u044f\u043d\u043d\u043e\u0439 \u043a\u043e\u0440\u0437\u0438\u043d\u043a\u0435. \u0412 \u043a\u0430\u0436\u0434\u043e\u043c \u0446\u0432\u0435\u0442\u043a\u0435\u00a0<span class=\"_5mfr _47e3\"><span class=\"_7oe\">\ud83c\udf6c<\/span><\/span>\u0432\u043a\u0443\u0441\u043d\u0430\u044f \u043a\u043e\u043d\u0444\u0435\u0442\u0430. \u041f\u0440\u0435\u043a\u0440\u0430\u0441\u043d\u044b\u0439 \u043f\u043e\u0434\u0430\u0440\u043e\u043a \u043d\u0430 \u0441\u0432\u0430\u0434\u044c\u0431\u0443\u00a0<span class=\"_5mfr _47e3\"><span class=\"_7oe\">\ud83d\udc70\ud83c\udffc<\/span><\/span>\u0438\u043b\u0438 \u044e\u0431\u0438\u043b\u0435\u0439. \u041d\u0430 \u043d\u0430\u0448\u0435\u043c \u0441\u0430\u0439\u0442\u0435 \u043d\u0430\u0439\u0434\u0451\u0442\u0435 \u0431\u043e\u043b\u044c\u0448\u043e\u0439 \u0432\u044b\u0431\u043e\u0440 \u0442\u043e\u0432\u0430\u0440\u043e\u0432 \u043d\u0430\u00a0<span class=\"_5mfr _47e3\"><span class=\"_7oe\">\ud83d\udc52<\/span><\/span>\u043b\u044e\u0431\u043e\u0439 \u0432\u043a\u0443\u0441! \u0417\u0430\u043a\u0430\u0437\u044b\u0432\u0430\u0439\u0442\u0435 \u0443\u0436\u0435 \u0441\u0435\u0433\u043e\u0434\u043d\u044f!<\/p>\n<p>\u0420\u0430\u0437\u043c\u0435\u0440: \u0431\u043e\u043b\u044c\u0448\u043e\u0439<\/p>\n<\/div>\n","protected":false},"featured_media":489,"template":"","meta":[],"product_cat":[20],"product_tag":[],"class_list":{"0":"post-485","1":"product","2":"type-product","3":"status-publish","4":"has-post-thumbnail","6":"product_cat-lilled-kommidega-korvis","8":"first","9":"instock","10":"taxable","11":"shipping-taxable","12":"purchasable","13":"product-type-simple"},"yoast_head":"<!-- This site is optimized with the Yoast SEO plugin v23.2 - https:\/\/yoast.com\/wordpress\/plugins\/seo\/ -->\n<title>Pidulik Kommikimp \ud83c\udf38\u201cSametine kannike\u201d - k\u00e4sit\u00f6\u00f6 kingitus<\/title>\n<meta name=\"description\" content=\"Pidulik Kommikimp \ud83c\udf38\u201cSametine kannike\u201d tore kingitus \ud83d\udd2e8. M\u00e4rtsiks! \u00dcllata kallimat ainulaadse \ud83c\udf3a kingitusega! \ud83d\udc9c\ud83d\udc9c\ud83d\udc9c \ud83d\udcf1 56602716 info@kimpkommidest.ee\" \/>\n<meta name=\"robots\" content=\"index, follow, max-snippet:-1, max-image-preview:large, max-video-preview:-1\" \/>\n<link rel=\"canonical\" href=\"https:\/\/kimpkommidest.ee\/shop\/lilled-kommidega-korvis\/kommikimp-greta\/\" \/>\n<meta property=\"og:locale\" content=\"ru_RU\" \/>\n<meta property=\"og:type\" content=\"article\" \/>\n<meta property=\"og:title\" content=\"Pidulik Kommikimp \ud83c\udf38\u201cSametine kannike\u201d - k\u00e4sit\u00f6\u00f6 kingitus\" \/>\n<meta property=\"og:description\" content=\"Pidulik Kommikimp \ud83c\udf38\u201cSametine kannike\u201d tore kingitus \ud83d\udd2e8. M\u00e4rtsiks! \u00dcllata kallimat ainulaadse \ud83c\udf3a kingitusega! \ud83d\udc9c\ud83d\udc9c\ud83d\udc9c \ud83d\udcf1 56602716 info@kimpkommidest.ee\" \/>\n<meta property=\"og:url\" content=\"https:\/\/kimpkommidest.ee\/shop\/lilled-kommidega-korvis\/kommikimp-greta\/\" \/>\n<meta property=\"og:site_name\" content=\"\u0421\u043b\u0430\u0434\u043a\u0438\u0439 \u0431\u0443\u043a\u0435\u0442 \u0438\u0437 \u043a\u043e\u043d\u0444\u0435\u0442\" \/>\n<meta property=\"article:modified_time\" content=\"2019-11-15T08:46:39+00:00\" \/>\n<meta property=\"og:image\" content=\"https:\/\/kimpkommidest.ee\/wp-content\/uploads\/2018\/06\/35532626_2073626839572449_5031540980239564800_n.jpg\" \/>\n\t<meta property=\"og:image:width\" content=\"960\" \/>\n\t<meta property=\"og:image:height\" content=\"960\" \/>\n\t<meta property=\"og:image:type\" content=\"image\/jpeg\" \/>\n<meta name=\"twitter:card\" content=\"summary_large_image\" \/>\n<script type=\"application\/ld+json\" class=\"yoast-schema-graph\">{\"@context\":\"https:\/\/schema.org\",\"@graph\":[{\"@type\":\"WebPage\",\"@id\":\"https:\/\/kimpkommidest.ee\/shop\/lilled-kommidega-korvis\/kommikimp-greta\/\",\"url\":\"https:\/\/kimpkommidest.ee\/shop\/lilled-kommidega-korvis\/kommikimp-greta\/\",\"name\":\"Pidulik Kommikimp \ud83c\udf38\u201cSametine kannike\u201d - k\u00e4sit\u00f6\u00f6 kingitus\",\"isPartOf\":{\"@id\":\"https:\/\/kimpkommidest.ee\/ru\/#website\"},\"primaryImageOfPage\":{\"@id\":\"https:\/\/kimpkommidest.ee\/shop\/lilled-kommidega-korvis\/kommikimp-greta\/#primaryimage\"},\"image\":{\"@id\":\"https:\/\/kimpkommidest.ee\/shop\/lilled-kommidega-korvis\/kommikimp-greta\/#primaryimage\"},\"thumbnailUrl\":\"https:\/\/kimpkommidest.ee\/wp-content\/uploads\/2018\/06\/35532626_2073626839572449_5031540980239564800_n.jpg\",\"datePublished\":\"2018-06-18T19:43:53+00:00\",\"dateModified\":\"2019-11-15T08:46:39+00:00\",\"description\":\"Pidulik Kommikimp \ud83c\udf38\u201cSametine kannike\u201d tore kingitus \ud83d\udd2e8. M\u00e4rtsiks! \u00dcllata kallimat ainulaadse \ud83c\udf3a kingitusega! \ud83d\udc9c\ud83d\udc9c\ud83d\udc9c \ud83d\udcf1 56602716 info@kimpkommidest.ee\",\"breadcrumb\":{\"@id\":\"https:\/\/kimpkommidest.ee\/shop\/lilled-kommidega-korvis\/kommikimp-greta\/#breadcrumb\"},\"inLanguage\":\"ru-RU\",\"potentialAction\":[{\"@type\":\"ReadAction\",\"target\":[\"https:\/\/kimpkommidest.ee\/shop\/lilled-kommidega-korvis\/kommikimp-greta\/\"]}]},{\"@type\":\"ImageObject\",\"inLanguage\":\"ru-RU\",\"@id\":\"https:\/\/kimpkommidest.ee\/shop\/lilled-kommidega-korvis\/kommikimp-greta\/#primaryimage\",\"url\":\"https:\/\/kimpkommidest.ee\/wp-content\/uploads\/2018\/06\/35532626_2073626839572449_5031540980239564800_n.jpg\",\"contentUrl\":\"https:\/\/kimpkommidest.ee\/wp-content\/uploads\/2018\/06\/35532626_2073626839572449_5031540980239564800_n.jpg\",\"width\":960,\"height\":960,\"caption\":\"Kimp Kommidest\"},{\"@type\":\"BreadcrumbList\",\"@id\":\"https:\/\/kimpkommidest.ee\/shop\/lilled-kommidega-korvis\/kommikimp-greta\/#breadcrumb\",\"itemListElement\":[{\"@type\":\"ListItem\",\"position\":1,\"name\":\"\u0413\u043b\u0430\u0432\u043d\u0430\u044f \u0441\u0442\u0440\u0430\u043d\u0438\u0446\u0430\",\"item\":\"https:\/\/kimpkommidest.ee\/\"},{\"@type\":\"ListItem\",\"position\":2,\"name\":\"\u041c\u0430\u0433\u0430\u0437\u0438\u043d\",\"item\":\"https:\/\/kimpkommidest.ee\/\"},{\"@type\":\"ListItem\",\"position\":3,\"name\":\"Kommikimp \u201cGreta\u201d \ud83c\udf38\"}]},{\"@type\":\"WebSite\",\"@id\":\"https:\/\/kimpkommidest.ee\/ru\/#website\",\"url\":\"https:\/\/kimpkommidest.ee\/ru\/\",\"name\":\"\u0421\u043b\u0430\u0434\u043a\u0438\u0439 \u0431\u0443\u043a\u0435\u0442 \u0438\u0437 \u043a\u043e\u043d\u0444\u0435\u0442\",\"description\":\"\u0417\u0430\u043c\u0435\u0447\u0430\u0442\u0435\u043b\u044c\u043d\u044b\u0439 \u043f\u043e\u0434\u0430\u0440\u043e\u043a \u0434\u043b\u044f \u0431\u043b\u0438\u0437\u043a\u0438\u0445\",\"potentialAction\":[{\"@type\":\"SearchAction\",\"target\":{\"@type\":\"EntryPoint\",\"urlTemplate\":\"https:\/\/kimpkommidest.ee\/ru\/?s={search_term_string}\"},\"query-input\":\"required name=search_term_string\"}],\"inLanguage\":\"ru-RU\"}]}<\/script>\n<!-- \/ Yoast SEO plugin. -->","yoast_head_json":{"title":"Pidulik Kommikimp \ud83c\udf38\u201cSametine kannike\u201d - k\u00e4sit\u00f6\u00f6 kingitus","description":"Pidulik Kommikimp \ud83c\udf38\u201cSametine kannike\u201d tore kingitus \ud83d\udd2e8. M\u00e4rtsiks! \u00dcllata kallimat ainulaadse \ud83c\udf3a kingitusega! \ud83d\udc9c\ud83d\udc9c\ud83d\udc9c \ud83d\udcf1 56602716 info@kimpkommidest.ee","robots":{"index":"index","follow":"follow","max-snippet":"max-snippet:-1","max-image-preview":"max-image-preview:large","max-video-preview":"max-video-preview:-1"},"canonical":"https:\/\/kimpkommidest.ee\/shop\/lilled-kommidega-korvis\/kommikimp-greta\/","og_locale":"ru_RU","og_type":"article","og_title":"Pidulik Kommikimp \ud83c\udf38\u201cSametine kannike\u201d - k\u00e4sit\u00f6\u00f6 kingitus","og_description":"Pidulik Kommikimp \ud83c\udf38\u201cSametine kannike\u201d tore kingitus \ud83d\udd2e8. M\u00e4rtsiks! \u00dcllata kallimat ainulaadse \ud83c\udf3a kingitusega! \ud83d\udc9c\ud83d\udc9c\ud83d\udc9c \ud83d\udcf1 56602716 info@kimpkommidest.ee","og_url":"https:\/\/kimpkommidest.ee\/shop\/lilled-kommidega-korvis\/kommikimp-greta\/","og_site_name":"\u0421\u043b\u0430\u0434\u043a\u0438\u0439 \u0431\u0443\u043a\u0435\u0442 \u0438\u0437 \u043a\u043e\u043d\u0444\u0435\u0442","article_modified_time":"2019-11-15T08:46:39+00:00","og_image":[{"width":960,"height":960,"url":"https:\/\/kimpkommidest.ee\/wp-content\/uploads\/2018\/06\/35532626_2073626839572449_5031540980239564800_n.jpg","type":"image\/jpeg"}],"twitter_card":"summary_large_image","schema":{"@context":"https:\/\/schema.org","@graph":[{"@type":"WebPage","@id":"https:\/\/kimpkommidest.ee\/shop\/lilled-kommidega-korvis\/kommikimp-greta\/","url":"https:\/\/kimpkommidest.ee\/shop\/lilled-kommidega-korvis\/kommikimp-greta\/","name":"Pidulik Kommikimp \ud83c\udf38\u201cSametine kannike\u201d - k\u00e4sit\u00f6\u00f6 kingitus","isPartOf":{"@id":"https:\/\/kimpkommidest.ee\/ru\/#website"},"primaryImageOfPage":{"@id":"https:\/\/kimpkommidest.ee\/shop\/lilled-kommidega-korvis\/kommikimp-greta\/#primaryimage"},"image":{"@id":"https:\/\/kimpkommidest.ee\/shop\/lilled-kommidega-korvis\/kommikimp-greta\/#primaryimage"},"thumbnailUrl":"https:\/\/kimpkommidest.ee\/wp-content\/uploads\/2018\/06\/35532626_2073626839572449_5031540980239564800_n.jpg","datePublished":"2018-06-18T19:43:53+00:00","dateModified":"2019-11-15T08:46:39+00:00","description":"Pidulik Kommikimp \ud83c\udf38\u201cSametine kannike\u201d tore kingitus \ud83d\udd2e8. M\u00e4rtsiks! \u00dcllata kallimat ainulaadse \ud83c\udf3a kingitusega! \ud83d\udc9c\ud83d\udc9c\ud83d\udc9c \ud83d\udcf1 56602716 info@kimpkommidest.ee","breadcrumb":{"@id":"https:\/\/kimpkommidest.ee\/shop\/lilled-kommidega-korvis\/kommikimp-greta\/#breadcrumb"},"inLanguage":"ru-RU","potentialAction":[{"@type":"ReadAction","target":["https:\/\/kimpkommidest.ee\/shop\/lilled-kommidega-korvis\/kommikimp-greta\/"]}]},{"@type":"ImageObject","inLanguage":"ru-RU","@id":"https:\/\/kimpkommidest.ee\/shop\/lilled-kommidega-korvis\/kommikimp-greta\/#primaryimage","url":"https:\/\/kimpkommidest.ee\/wp-content\/uploads\/2018\/06\/35532626_2073626839572449_5031540980239564800_n.jpg","contentUrl":"https:\/\/kimpkommidest.ee\/wp-content\/uploads\/2018\/06\/35532626_2073626839572449_5031540980239564800_n.jpg","width":960,"height":960,"caption":"Kimp Kommidest"},{"@type":"BreadcrumbList","@id":"https:\/\/kimpkommidest.ee\/shop\/lilled-kommidega-korvis\/kommikimp-greta\/#breadcrumb","itemListElement":[{"@type":"ListItem","position":1,"name":"\u0413\u043b\u0430\u0432\u043d\u0430\u044f \u0441\u0442\u0440\u0430\u043d\u0438\u0446\u0430","item":"https:\/\/kimpkommidest.ee\/"},{"@type":"ListItem","position":2,"name":"\u041c\u0430\u0433\u0430\u0437\u0438\u043d","item":"https:\/\/kimpkommidest.ee\/"},{"@type":"ListItem","position":3,"name":"Kommikimp \u201cGreta\u201d \ud83c\udf38"}]},{"@type":"WebSite","@id":"https:\/\/kimpkommidest.ee\/ru\/#website","url":"https:\/\/kimpkommidest.ee\/ru\/","name":"\u0421\u043b\u0430\u0434\u043a\u0438\u0439 \u0431\u0443\u043a\u0435\u0442 \u0438\u0437 \u043a\u043e\u043d\u0444\u0435\u0442","description":"\u0417\u0430\u043c\u0435\u0447\u0430\u0442\u0435\u043b\u044c\u043d\u044b\u0439 \u043f\u043e\u0434\u0430\u0440\u043e\u043a \u0434\u043b\u044f \u0431\u043b\u0438\u0437\u043a\u0438\u0445","potentialAction":[{"@type":"SearchAction","target":{"@type":"EntryPoint","urlTemplate":"https:\/\/kimpkommidest.ee\/ru\/?s={search_term_string}"},"query-input":"required name=search_term_string"}],"inLanguage":"ru-RU"}]}},"_links":{"self":[{"href":"https:\/\/kimpkommidest.ee\/ru\/wp-json\/wp\/v2\/product\/485"}],"collection":[{"href":"https:\/\/kimpkommidest.ee\/ru\/wp-json\/wp\/v2\/product"}],"about":[{"href":"https:\/\/kimpkommidest.ee\/ru\/wp-json\/wp\/v2\/types\/product"}],"wp:featuredmedia":[{"embeddable":true,"href":"https:\/\/kimpkommidest.ee\/ru\/wp-json\/wp\/v2\/media\/489"}],"wp:attachment":[{"href":"https:\/\/kimpkommidest.ee\/ru\/wp-json\/wp\/v2\/media?parent=485"}],"wp:term":[{"taxonomy":"product_cat","embeddable":true,"href":"https:\/\/kimpkommidest.ee\/ru\/wp-json\/wp\/v2\/product_cat?post=485"},{"taxonomy":"product_tag","embeddable":true,"href":"https:\/\/kimpkommidest.ee\/ru\/wp-json\/wp\/v2\/product_tag?post=485"}],"curies":[{"name":"wp","href":"https:\/\/api.w.org\/{rel}","templated":true}]}}