{"id":400,"date":"2017-09-30T22:22:38","date_gmt":"2017-09-30T19:22:38","guid":{"rendered":"https:\/\/kimpkommidest.ee\/?post_type=product&#038;p=400"},"modified":"2024-11-19T12:48:25","modified_gmt":"2024-11-19T09:48:25","slug":"kommimaja","status":"publish","type":"product","link":"https:\/\/kimpkommidest.ee\/ru\/shop\/kommikimp-lapsele\/kommimaja\/","title":{"rendered":"\ud83c\udfe0&#187;\u0422\u0435\u0440\u0435\u043c\u043e\u043a&#187; \u0438\u0437 \u043a\u043e\u043d\u0444\u0435\u0442"},"content":{"rendered":"","protected":false},"excerpt":{"rendered":"<p>\u041a\u0442\u043e \u043a\u0442\u043e \u0432 \ud83e\udd84\ud83e\udd8d\ud83d\udc3f\u0442\u0435\u0440\u0435\u043c\u0435 \u0436\u0438\u0432\u0451\u0442? \u0428\u043e\u043a\u043e\u043b\u0430\u0434\u043d\u044b\u0435 \ud83c\udf6b\u043a\u043e\u043d\u0444\u0435\u0442\u044b, \ud83c\udf61\u0432\u0430\u0444\u043b\u0438 \u0432 \u0448\u043e\u043a\u043e\u043b\u0430\u0434\u0435 \ud83c\udff5\u0438 \u043c\u043d\u043e\u0433\u043e \u043c\u043d\u043e\u0433\u043e \ud83d\udc9d\u0440\u0430\u0434\u043e\u0441\u0442\u0438! \ud83c\udf88\u0417\u0430\u043a\u0430\u0436\u0438 \u0441\u0435\u0439\u0447\u0430\u0441 \u0438\u0437 \ud83c\udf6c\ud83c\udf6a\u0441\u0432\u043e\u0438\u0445 \u043b\u044e\u0431\u0438\u043c\u044b\u0445 \ud83c\udf89\u043a\u043e\u043d\u0444\u0435\u0442!<\/p>\n<p>\u0420\u0430\u0437\u043c\u0435\u0440: \ud83d\udc1c\u043c\u0430\u043b\u0435\u043d\u044c\u043a\u0438\u0439<\/p>\n","protected":false},"featured_media":402,"template":"","meta":[],"product_cat":[22],"product_tag":[],"class_list":{"0":"post-400","1":"product","2":"type-product","3":"status-publish","4":"has-post-thumbnail","6":"product_cat-kommikimp-lapsele","8":"first","9":"instock","10":"taxable","11":"shipping-taxable","12":"purchasable","13":"product-type-simple"},"yoast_head":"<!-- This site is optimized with the Yoast SEO plugin v23.2 - https:\/\/yoast.com\/wordpress\/plugins\/seo\/ -->\n<title>\ud83c\udfe0&quot;\u0422\u0435\u0440\u0435\u043c\u043e\u043a&quot; \u0438\u0437 \u043a\u043e\u043d\u0444\u0435\u0442 - \u0421\u043b\u0430\u0434\u043a\u0438\u0439 \u0431\u0443\u043a\u0435\u0442 \u0438\u0437 \u043a\u043e\u043d\u0444\u0435\u0442<\/title>\n<meta name=\"robots\" content=\"index, follow, max-snippet:-1, max-image-preview:large, max-video-preview:-1\" \/>\n<link rel=\"canonical\" href=\"https:\/\/kimpkommidest.ee\/shop\/kommikimp-lapsele\/kommimaja\/\" \/>\n<meta property=\"og:locale\" content=\"ru_RU\" \/>\n<meta property=\"og:type\" content=\"article\" \/>\n<meta property=\"og:title\" content=\"[:et]Kommimaja \ud83c\udfe0&quot;Tare-tareke&quot;[:ru]\ud83c\udfe0&quot;\u0422\u0435\u0440\u0435\u043c\u043e\u043a&quot; \u0438\u0437 \u043a\u043e\u043d\u0444\u0435\u0442[:] - \u0421\u043b\u0430\u0434\u043a\u0438\u0439 \u0431\u0443\u043a\u0435\u0442 \u0438\u0437 \u043a\u043e\u043d\u0444\u0435\u0442\" \/>\n<meta property=\"og:description\" content=\"[:et]Kes kes selles \ud83d\udc2d\ud83e\udd8a\ud83d\udc38tarekeses on? \u0160okolaadi\ud83c\udf6b kommid, vahvlid \ud83c\udf81\u0161okolaadis \ud83c\udf6dja palju paju \ud83d\udc9dr\u00f5\u00f5mu! Telli n\u00fc\u00fcd oma \ud83c\udf6c\ud83c\udf6clemmikkommidest!  Suurus: \ud83d\udc1cv\u00e4ike[:ru]\u041a\u0442\u043e \u043a\u0442\u043e \u0432 \ud83e\udd84\ud83e\udd8d\ud83d\udc3f\u0442\u0435\u0440\u0435\u043c\u0435 \u0436\u0438\u0432\u0451\u0442? \u0428\u043e\u043a\u043e\u043b\u0430\u0434\u043d\u044b\u0435 \ud83c\udf6b\u043a\u043e\u043d\u0444\u0435\u0442\u044b, \ud83c\udf61\u0432\u0430\u0444\u043b\u0438 \u0432 \u0448\u043e\u043a\u043e\u043b\u0430\u0434\u0435 \ud83c\udff5\u0438 \u043c\u043d\u043e\u0433\u043e \u043c\u043d\u043e\u0433\u043e \ud83d\udc9d\u0440\u0430\u0434\u043e\u0441\u0442\u0438! \ud83c\udf88\u0417\u0430\u043a\u0430\u0436\u0438 \u0441\u0435\u0439\u0447\u0430\u0441 \u0438\u0437 \ud83c\udf6c\ud83c\udf6a\u0441\u0432\u043e\u0438\u0445 \u043b\u044e\u0431\u0438\u043c\u044b\u0445 \ud83c\udf89\u043a\u043e\u043d\u0444\u0435\u0442!  \u0420\u0430\u0437\u043c\u0435\u0440: \ud83d\udc1c\u043c\u0430\u043b\u0435\u043d\u044c\u043a\u0438\u0439[:]\" \/>\n<meta property=\"og:url\" content=\"https:\/\/kimpkommidest.ee\/shop\/kommikimp-lapsele\/kommimaja\/\" \/>\n<meta property=\"og:site_name\" content=\"\u0421\u043b\u0430\u0434\u043a\u0438\u0439 \u0431\u0443\u043a\u0435\u0442 \u0438\u0437 \u043a\u043e\u043d\u0444\u0435\u0442\" \/>\n<meta property=\"article:modified_time\" content=\"2024-11-19T09:48:25+00:00\" \/>\n<meta property=\"og:image\" content=\"https:\/\/kimpkommidest.ee\/wp-content\/uploads\/2017\/09\/IMG_1281.jpg\" \/>\n\t<meta property=\"og:image:width\" content=\"1449\" \/>\n\t<meta property=\"og:image:height\" content=\"2173\" \/>\n\t<meta property=\"og:image:type\" content=\"image\/jpeg\" \/>\n<meta name=\"twitter:card\" content=\"summary_large_image\" \/>\n<script type=\"application\/ld+json\" class=\"yoast-schema-graph\">{\"@context\":\"https:\/\/schema.org\",\"@graph\":[{\"@type\":\"WebPage\",\"@id\":\"https:\/\/kimpkommidest.ee\/shop\/kommikimp-lapsele\/kommimaja\/\",\"url\":\"https:\/\/kimpkommidest.ee\/shop\/kommikimp-lapsele\/kommimaja\/\",\"name\":\"[:et]Kommimaja \ud83c\udfe0\\\"Tare-tareke\\\"[:ru]\ud83c\udfe0\\\"\u0422\u0435\u0440\u0435\u043c\u043e\u043a\\\" \u0438\u0437 \u043a\u043e\u043d\u0444\u0435\u0442[:] - \u0421\u043b\u0430\u0434\u043a\u0438\u0439 \u0431\u0443\u043a\u0435\u0442 \u0438\u0437 \u043a\u043e\u043d\u0444\u0435\u0442\",\"isPartOf\":{\"@id\":\"https:\/\/kimpkommidest.ee\/ru\/#website\"},\"primaryImageOfPage\":{\"@id\":\"https:\/\/kimpkommidest.ee\/shop\/kommikimp-lapsele\/kommimaja\/#primaryimage\"},\"image\":{\"@id\":\"https:\/\/kimpkommidest.ee\/shop\/kommikimp-lapsele\/kommimaja\/#primaryimage\"},\"thumbnailUrl\":\"https:\/\/kimpkommidest.ee\/wp-content\/uploads\/2017\/09\/IMG_1281.jpg\",\"datePublished\":\"2017-09-30T19:22:38+00:00\",\"dateModified\":\"2024-11-19T09:48:25+00:00\",\"breadcrumb\":{\"@id\":\"https:\/\/kimpkommidest.ee\/shop\/kommikimp-lapsele\/kommimaja\/#breadcrumb\"},\"inLanguage\":\"ru-RU\",\"potentialAction\":[{\"@type\":\"ReadAction\",\"target\":[\"https:\/\/kimpkommidest.ee\/shop\/kommikimp-lapsele\/kommimaja\/\"]}]},{\"@type\":\"ImageObject\",\"inLanguage\":\"ru-RU\",\"@id\":\"https:\/\/kimpkommidest.ee\/shop\/kommikimp-lapsele\/kommimaja\/#primaryimage\",\"url\":\"https:\/\/kimpkommidest.ee\/wp-content\/uploads\/2017\/09\/IMG_1281.jpg\",\"contentUrl\":\"https:\/\/kimpkommidest.ee\/wp-content\/uploads\/2017\/09\/IMG_1281.jpg\",\"width\":1449,\"height\":2173,\"caption\":\"Kommimaja \ud83c\udfe0\\\"Tare-tareke\\\"\"},{\"@type\":\"BreadcrumbList\",\"@id\":\"https:\/\/kimpkommidest.ee\/shop\/kommikimp-lapsele\/kommimaja\/#breadcrumb\",\"itemListElement\":[{\"@type\":\"ListItem\",\"position\":1,\"name\":\"\u0413\u043b\u0430\u0432\u043d\u0430\u044f \u0441\u0442\u0440\u0430\u043d\u0438\u0446\u0430\",\"item\":\"https:\/\/kimpkommidest.ee\/\"},{\"@type\":\"ListItem\",\"position\":2,\"name\":\"\u041c\u0430\u0433\u0430\u0437\u0438\u043d\",\"item\":\"https:\/\/kimpkommidest.ee\/\"},{\"@type\":\"ListItem\",\"position\":3,\"name\":\"[:et]Kommimaja \ud83c\udfe0&#187;Tare-tareke&#187;[:ru]\ud83c\udfe0&#187;\u0422\u0435\u0440\u0435\u043c\u043e\u043a&#187; \u0438\u0437 \u043a\u043e\u043d\u0444\u0435\u0442[:]\"}]},{\"@type\":\"WebSite\",\"@id\":\"https:\/\/kimpkommidest.ee\/ru\/#website\",\"url\":\"https:\/\/kimpkommidest.ee\/ru\/\",\"name\":\"\u0421\u043b\u0430\u0434\u043a\u0438\u0439 \u0431\u0443\u043a\u0435\u0442 \u0438\u0437 \u043a\u043e\u043d\u0444\u0435\u0442\",\"description\":\"\u0417\u0430\u043c\u0435\u0447\u0430\u0442\u0435\u043b\u044c\u043d\u044b\u0439 \u043f\u043e\u0434\u0430\u0440\u043e\u043a \u0434\u043b\u044f \u0431\u043b\u0438\u0437\u043a\u0438\u0445\",\"potentialAction\":[{\"@type\":\"SearchAction\",\"target\":{\"@type\":\"EntryPoint\",\"urlTemplate\":\"https:\/\/kimpkommidest.ee\/ru\/?s={search_term_string}\"},\"query-input\":\"required name=search_term_string\"}],\"inLanguage\":\"ru-RU\"}]}<\/script>\n<!-- \/ Yoast SEO plugin. -->","yoast_head_json":{"title":"[:et]Kommimaja \ud83c\udfe0\"Tare-tareke\"[:ru]\ud83c\udfe0\"\u0422\u0435\u0440\u0435\u043c\u043e\u043a\" \u0438\u0437 \u043a\u043e\u043d\u0444\u0435\u0442[:] - \u0421\u043b\u0430\u0434\u043a\u0438\u0439 \u0431\u0443\u043a\u0435\u0442 \u0438\u0437 \u043a\u043e\u043d\u0444\u0435\u0442","robots":{"index":"index","follow":"follow","max-snippet":"max-snippet:-1","max-image-preview":"max-image-preview:large","max-video-preview":"max-video-preview:-1"},"canonical":"https:\/\/kimpkommidest.ee\/shop\/kommikimp-lapsele\/kommimaja\/","og_locale":"ru_RU","og_type":"article","og_title":"[:et]Kommimaja \ud83c\udfe0\"Tare-tareke\"[:ru]\ud83c\udfe0\"\u0422\u0435\u0440\u0435\u043c\u043e\u043a\" \u0438\u0437 \u043a\u043e\u043d\u0444\u0435\u0442[:] - \u0421\u043b\u0430\u0434\u043a\u0438\u0439 \u0431\u0443\u043a\u0435\u0442 \u0438\u0437 \u043a\u043e\u043d\u0444\u0435\u0442","og_description":"[:et]Kes kes selles \ud83d\udc2d\ud83e\udd8a\ud83d\udc38tarekeses on? \u0160okolaadi\ud83c\udf6b kommid, vahvlid \ud83c\udf81\u0161okolaadis \ud83c\udf6dja palju paju \ud83d\udc9dr\u00f5\u00f5mu! Telli n\u00fc\u00fcd oma \ud83c\udf6c\ud83c\udf6clemmikkommidest!  Suurus: \ud83d\udc1cv\u00e4ike[:ru]\u041a\u0442\u043e \u043a\u0442\u043e \u0432 \ud83e\udd84\ud83e\udd8d\ud83d\udc3f\u0442\u0435\u0440\u0435\u043c\u0435 \u0436\u0438\u0432\u0451\u0442? \u0428\u043e\u043a\u043e\u043b\u0430\u0434\u043d\u044b\u0435 \ud83c\udf6b\u043a\u043e\u043d\u0444\u0435\u0442\u044b, \ud83c\udf61\u0432\u0430\u0444\u043b\u0438 \u0432 \u0448\u043e\u043a\u043e\u043b\u0430\u0434\u0435 \ud83c\udff5\u0438 \u043c\u043d\u043e\u0433\u043e \u043c\u043d\u043e\u0433\u043e \ud83d\udc9d\u0440\u0430\u0434\u043e\u0441\u0442\u0438! \ud83c\udf88\u0417\u0430\u043a\u0430\u0436\u0438 \u0441\u0435\u0439\u0447\u0430\u0441 \u0438\u0437 \ud83c\udf6c\ud83c\udf6a\u0441\u0432\u043e\u0438\u0445 \u043b\u044e\u0431\u0438\u043c\u044b\u0445 \ud83c\udf89\u043a\u043e\u043d\u0444\u0435\u0442!  \u0420\u0430\u0437\u043c\u0435\u0440: \ud83d\udc1c\u043c\u0430\u043b\u0435\u043d\u044c\u043a\u0438\u0439[:]","og_url":"https:\/\/kimpkommidest.ee\/shop\/kommikimp-lapsele\/kommimaja\/","og_site_name":"\u0421\u043b\u0430\u0434\u043a\u0438\u0439 \u0431\u0443\u043a\u0435\u0442 \u0438\u0437 \u043a\u043e\u043d\u0444\u0435\u0442","article_modified_time":"2024-11-19T09:48:25+00:00","og_image":[{"width":1449,"height":2173,"url":"https:\/\/kimpkommidest.ee\/wp-content\/uploads\/2017\/09\/IMG_1281.jpg","type":"image\/jpeg"}],"twitter_card":"summary_large_image","schema":{"@context":"https:\/\/schema.org","@graph":[{"@type":"WebPage","@id":"https:\/\/kimpkommidest.ee\/shop\/kommikimp-lapsele\/kommimaja\/","url":"https:\/\/kimpkommidest.ee\/shop\/kommikimp-lapsele\/kommimaja\/","name":"[:et]Kommimaja \ud83c\udfe0\"Tare-tareke\"[:ru]\ud83c\udfe0\"\u0422\u0435\u0440\u0435\u043c\u043e\u043a\" \u0438\u0437 \u043a\u043e\u043d\u0444\u0435\u0442[:] - \u0421\u043b\u0430\u0434\u043a\u0438\u0439 \u0431\u0443\u043a\u0435\u0442 \u0438\u0437 \u043a\u043e\u043d\u0444\u0435\u0442","isPartOf":{"@id":"https:\/\/kimpkommidest.ee\/ru\/#website"},"primaryImageOfPage":{"@id":"https:\/\/kimpkommidest.ee\/shop\/kommikimp-lapsele\/kommimaja\/#primaryimage"},"image":{"@id":"https:\/\/kimpkommidest.ee\/shop\/kommikimp-lapsele\/kommimaja\/#primaryimage"},"thumbnailUrl":"https:\/\/kimpkommidest.ee\/wp-content\/uploads\/2017\/09\/IMG_1281.jpg","datePublished":"2017-09-30T19:22:38+00:00","dateModified":"2024-11-19T09:48:25+00:00","breadcrumb":{"@id":"https:\/\/kimpkommidest.ee\/shop\/kommikimp-lapsele\/kommimaja\/#breadcrumb"},"inLanguage":"ru-RU","potentialAction":[{"@type":"ReadAction","target":["https:\/\/kimpkommidest.ee\/shop\/kommikimp-lapsele\/kommimaja\/"]}]},{"@type":"ImageObject","inLanguage":"ru-RU","@id":"https:\/\/kimpkommidest.ee\/shop\/kommikimp-lapsele\/kommimaja\/#primaryimage","url":"https:\/\/kimpkommidest.ee\/wp-content\/uploads\/2017\/09\/IMG_1281.jpg","contentUrl":"https:\/\/kimpkommidest.ee\/wp-content\/uploads\/2017\/09\/IMG_1281.jpg","width":1449,"height":2173,"caption":"Kommimaja \ud83c\udfe0\"Tare-tareke\""},{"@type":"BreadcrumbList","@id":"https:\/\/kimpkommidest.ee\/shop\/kommikimp-lapsele\/kommimaja\/#breadcrumb","itemListElement":[{"@type":"ListItem","position":1,"name":"\u0413\u043b\u0430\u0432\u043d\u0430\u044f \u0441\u0442\u0440\u0430\u043d\u0438\u0446\u0430","item":"https:\/\/kimpkommidest.ee\/"},{"@type":"ListItem","position":2,"name":"\u041c\u0430\u0433\u0430\u0437\u0438\u043d","item":"https:\/\/kimpkommidest.ee\/"},{"@type":"ListItem","position":3,"name":"[:et]Kommimaja \ud83c\udfe0&#187;Tare-tareke&#187;[:ru]\ud83c\udfe0&#187;\u0422\u0435\u0440\u0435\u043c\u043e\u043a&#187; \u0438\u0437 \u043a\u043e\u043d\u0444\u0435\u0442[:]"}]},{"@type":"WebSite","@id":"https:\/\/kimpkommidest.ee\/ru\/#website","url":"https:\/\/kimpkommidest.ee\/ru\/","name":"\u0421\u043b\u0430\u0434\u043a\u0438\u0439 \u0431\u0443\u043a\u0435\u0442 \u0438\u0437 \u043a\u043e\u043d\u0444\u0435\u0442","description":"\u0417\u0430\u043c\u0435\u0447\u0430\u0442\u0435\u043b\u044c\u043d\u044b\u0439 \u043f\u043e\u0434\u0430\u0440\u043e\u043a \u0434\u043b\u044f \u0431\u043b\u0438\u0437\u043a\u0438\u0445","potentialAction":[{"@type":"SearchAction","target":{"@type":"EntryPoint","urlTemplate":"https:\/\/kimpkommidest.ee\/ru\/?s={search_term_string}"},"query-input":"required name=search_term_string"}],"inLanguage":"ru-RU"}]}},"_links":{"self":[{"href":"https:\/\/kimpkommidest.ee\/ru\/wp-json\/wp\/v2\/product\/400"}],"collection":[{"href":"https:\/\/kimpkommidest.ee\/ru\/wp-json\/wp\/v2\/product"}],"about":[{"href":"https:\/\/kimpkommidest.ee\/ru\/wp-json\/wp\/v2\/types\/product"}],"wp:featuredmedia":[{"embeddable":true,"href":"https:\/\/kimpkommidest.ee\/ru\/wp-json\/wp\/v2\/media\/402"}],"wp:attachment":[{"href":"https:\/\/kimpkommidest.ee\/ru\/wp-json\/wp\/v2\/media?parent=400"}],"wp:term":[{"taxonomy":"product_cat","embeddable":true,"href":"https:\/\/kimpkommidest.ee\/ru\/wp-json\/wp\/v2\/product_cat?post=400"},{"taxonomy":"product_tag","embeddable":true,"href":"https:\/\/kimpkommidest.ee\/ru\/wp-json\/wp\/v2\/product_tag?post=400"}],"curies":[{"name":"wp","href":"https:\/\/api.w.org\/{rel}","templated":true}]}}