{"id":275,"date":"2017-09-08T19:46:05","date_gmt":"2017-09-08T16:46:05","guid":{"rendered":"https:\/\/kimpkommidest.ee\/?post_type=product&#038;p=275"},"modified":"2024-11-19T12:50:41","modified_gmt":"2024-11-19T09:50:41","slug":"kommikimp-royal","status":"publish","type":"product","link":"https:\/\/kimpkommidest.ee\/ru\/shop\/lilled-kommidega-korvis\/kommikimp-royal\/","title":{"rendered":"\u0411\u0443\u043a\u0435\u0442 \u0438\u0437 \u043a\u043e\u043d\u0444\u0435\u0442 \ud83e\udd34\ud83c\udffc&#187;Royal&#187;"},"content":{"rendered":"","protected":false},"excerpt":{"rendered":"<p>\u041d\u0435\u0436\u043d\u044b\u0435 \ud83d\udc7c\ud83c\udffc\ud83d\udc95\u0440\u043e\u0437\u043e\u0432\u044b\u0435 \u0438 \u0431\u0435\u043b\u044b\u0435 \u0440\u043e\u0437\u044b \ud83c\udf39 \u0441\u0438\u043c\u0432\u043e\u043b\u0438\u0437\u0438\u0440\u0443\u044e\u0442 \u043d\u0430\u0441\u0442\u043e\u044f\u0449\u0443\u044e \u043b\u044e\u0431\u043e\u0432\u044c \u2764\ufe0f \u0438 \u043d\u0435\u0432\u0438\u043d\u043d\u043e\u0441\u0442\u044c \ud83d\ude07 \u0411\u0443\u043a\u0435\u0442 \ud83d\udc90 \u043f\u0440\u0435\u043a\u0440\u0430\u0441\u043d\u043e \u043f\u043e\u0434\u043e\u0439\u0434\u0451\u0442 \u0432 \u043f\u043e\u0434\u0430\u0440\u043e\u043a \ud83c\udf81 \u043d\u0430 \u0441\u0432\u0430\u0434\u044c\u0431\u0443 \ud83d\udc70\ud83c\udffc \ud83e\udd35\ud83c\udffd\u0438\u043b\u0438 \u043f\u043e \u0434\u0440\u0443\u0433\u043e\u043c\u0443 \u043e\u0441\u043e\u0431\u0435\u043d\u043d\u043e\u043c\u0443 \ud83d\udc8d\ud83c\udf86\u0441\u043b\u0443\u0447\u0430\u044e!<br \/>\n\u0422\u0430\u043a\u043e\u0439 \u0431\u0443\u043a\u0435\u0442 \u0434\u043e\u043b\u0433\u043e \u043e\u0441\u0442\u0430\u043d\u0435\u0442\u0441\u044f \ud83d\udc90 &#171;\u0441\u0432\u0435\u0436\u0438\u043c&#187;, \u0430 \ud83d\udc51\u0432\u043a\u0443\u0441\u043d\u044b\u0435 \u0448\u043e\u043a\u043e\u043b\u0430\u0434\u043d\u044b\u0435 \ud83c\udf6b\u0442\u0440\u044e\u0444\u0435\u043b\u0438 \u043f\u0440\u0438\u044f\u0442\u043d\u043e \u0443\u0434\u0438\u0432\u044f\u0442 \ud83d\udc91\u0412\u0430\u0448\u0438\u0445 \u0431\u043b\u0438\u0437\u043a\u0438\u0445!<\/p>\n<p>\u0420\u0430\u0437\u043c\u0435\u0440: \ud83d\udc18\u0431\u043e\u043b\u044c\u0448\u043e\u0439<\/p>\n","protected":false},"featured_media":278,"template":"","meta":[],"product_cat":[20],"product_tag":[],"class_list":{"0":"post-275","1":"product","2":"type-product","3":"status-publish","4":"has-post-thumbnail","6":"product_cat-lilled-kommidega-korvis","8":"first","9":"instock","10":"taxable","11":"shipping-taxable","12":"purchasable","13":"product-type-simple"},"yoast_head":"<!-- This site is optimized with the Yoast SEO plugin v23.2 - https:\/\/yoast.com\/wordpress\/plugins\/seo\/ -->\n<title>Kommikimp \ud83d\udc51&quot;Royal&quot; | S\u00f6\u00f6dav lillekimp | Kingitus igaks elu juhtumiks<\/title>\n<meta name=\"description\" content=\"Kommikimp - Kinkige unustamatuid hetki endale, oma l\u00e4hedastele ja s\u00f5pradele. Iga kingiga soovime kinkida teile r\u00f5\u00f5mu. Kiire ja tasuta kohaletoimetamine!\" \/>\n<meta name=\"robots\" content=\"index, follow, max-snippet:-1, max-image-preview:large, max-video-preview:-1\" \/>\n<link rel=\"canonical\" href=\"https:\/\/kimpkommidest.ee\/shop\/lilled-kommidega-korvis\/kommikimp-royal\/\" \/>\n<meta property=\"og:locale\" content=\"ru_RU\" \/>\n<meta property=\"og:type\" content=\"article\" \/>\n<meta property=\"og:title\" content=\"Kommikimp \ud83d\udc51&quot;Royal&quot; | S\u00f6\u00f6dav lillekimp | Kingitus igaks elu juhtumiks\" \/>\n<meta property=\"og:description\" content=\"Kommikimp - Kinkige unustamatuid hetki endale, oma l\u00e4hedastele ja s\u00f5pradele. Iga kingiga soovime kinkida teile r\u00f5\u00f5mu. Kiire ja tasuta kohaletoimetamine!\" \/>\n<meta property=\"og:url\" content=\"https:\/\/kimpkommidest.ee\/shop\/lilled-kommidega-korvis\/kommikimp-royal\/\" \/>\n<meta property=\"og:site_name\" content=\"\u0421\u043b\u0430\u0434\u043a\u0438\u0439 \u0431\u0443\u043a\u0435\u0442 \u0438\u0437 \u043a\u043e\u043d\u0444\u0435\u0442\" \/>\n<meta property=\"article:modified_time\" content=\"2024-11-19T09:50:41+00:00\" \/>\n<meta property=\"og:image\" content=\"https:\/\/kimpkommidest.ee\/wp-content\/uploads\/2017\/09\/3.jpg\" \/>\n\t<meta property=\"og:image:width\" content=\"540\" \/>\n\t<meta property=\"og:image:height\" content=\"540\" \/>\n\t<meta property=\"og:image:type\" content=\"image\/jpeg\" \/>\n<meta name=\"twitter:card\" content=\"summary_large_image\" \/>\n<script type=\"application\/ld+json\" class=\"yoast-schema-graph\">{\"@context\":\"https:\/\/schema.org\",\"@graph\":[{\"@type\":\"WebPage\",\"@id\":\"https:\/\/kimpkommidest.ee\/shop\/lilled-kommidega-korvis\/kommikimp-royal\/\",\"url\":\"https:\/\/kimpkommidest.ee\/shop\/lilled-kommidega-korvis\/kommikimp-royal\/\",\"name\":\"Kommikimp \ud83d\udc51\\\"Royal\\\" | S\u00f6\u00f6dav lillekimp | Kingitus igaks elu juhtumiks\",\"isPartOf\":{\"@id\":\"https:\/\/kimpkommidest.ee\/ru\/#website\"},\"primaryImageOfPage\":{\"@id\":\"https:\/\/kimpkommidest.ee\/shop\/lilled-kommidega-korvis\/kommikimp-royal\/#primaryimage\"},\"image\":{\"@id\":\"https:\/\/kimpkommidest.ee\/shop\/lilled-kommidega-korvis\/kommikimp-royal\/#primaryimage\"},\"thumbnailUrl\":\"https:\/\/kimpkommidest.ee\/wp-content\/uploads\/2017\/09\/3.jpg\",\"datePublished\":\"2017-09-08T16:46:05+00:00\",\"dateModified\":\"2024-11-19T09:50:41+00:00\",\"description\":\"Kommikimp - Kinkige unustamatuid hetki endale, oma l\u00e4hedastele ja s\u00f5pradele. Iga kingiga soovime kinkida teile r\u00f5\u00f5mu. Kiire ja tasuta kohaletoimetamine!\",\"breadcrumb\":{\"@id\":\"https:\/\/kimpkommidest.ee\/shop\/lilled-kommidega-korvis\/kommikimp-royal\/#breadcrumb\"},\"inLanguage\":\"ru-RU\",\"potentialAction\":[{\"@type\":\"ReadAction\",\"target\":[\"https:\/\/kimpkommidest.ee\/shop\/lilled-kommidega-korvis\/kommikimp-royal\/\"]}]},{\"@type\":\"ImageObject\",\"inLanguage\":\"ru-RU\",\"@id\":\"https:\/\/kimpkommidest.ee\/shop\/lilled-kommidega-korvis\/kommikimp-royal\/#primaryimage\",\"url\":\"https:\/\/kimpkommidest.ee\/wp-content\/uploads\/2017\/09\/3.jpg\",\"contentUrl\":\"https:\/\/kimpkommidest.ee\/wp-content\/uploads\/2017\/09\/3.jpg\",\"width\":540,\"height\":540,\"caption\":\"Kommikimp \ud83d\udc51\u201dRoyal\u201d\"},{\"@type\":\"BreadcrumbList\",\"@id\":\"https:\/\/kimpkommidest.ee\/shop\/lilled-kommidega-korvis\/kommikimp-royal\/#breadcrumb\",\"itemListElement\":[{\"@type\":\"ListItem\",\"position\":1,\"name\":\"\u0413\u043b\u0430\u0432\u043d\u0430\u044f \u0441\u0442\u0440\u0430\u043d\u0438\u0446\u0430\",\"item\":\"https:\/\/kimpkommidest.ee\/\"},{\"@type\":\"ListItem\",\"position\":2,\"name\":\"\u041c\u0430\u0433\u0430\u0437\u0438\u043d\",\"item\":\"https:\/\/kimpkommidest.ee\/\"},{\"@type\":\"ListItem\",\"position\":3,\"name\":\"[:et]Kommikimp \ud83d\udc51&#187;Royal&#187;[:ru]\u0411\u0443\u043a\u0435\u0442 \u0438\u0437 \u043a\u043e\u043d\u0444\u0435\u0442 \ud83e\udd34\ud83c\udffc&#187;Royal&#187;[:]\"}]},{\"@type\":\"WebSite\",\"@id\":\"https:\/\/kimpkommidest.ee\/ru\/#website\",\"url\":\"https:\/\/kimpkommidest.ee\/ru\/\",\"name\":\"\u0421\u043b\u0430\u0434\u043a\u0438\u0439 \u0431\u0443\u043a\u0435\u0442 \u0438\u0437 \u043a\u043e\u043d\u0444\u0435\u0442\",\"description\":\"\u0417\u0430\u043c\u0435\u0447\u0430\u0442\u0435\u043b\u044c\u043d\u044b\u0439 \u043f\u043e\u0434\u0430\u0440\u043e\u043a \u0434\u043b\u044f \u0431\u043b\u0438\u0437\u043a\u0438\u0445\",\"potentialAction\":[{\"@type\":\"SearchAction\",\"target\":{\"@type\":\"EntryPoint\",\"urlTemplate\":\"https:\/\/kimpkommidest.ee\/ru\/?s={search_term_string}\"},\"query-input\":\"required name=search_term_string\"}],\"inLanguage\":\"ru-RU\"}]}<\/script>\n<!-- \/ Yoast SEO plugin. -->","yoast_head_json":{"title":"Kommikimp \ud83d\udc51\"Royal\" | S\u00f6\u00f6dav lillekimp | Kingitus igaks elu juhtumiks","description":"Kommikimp - Kinkige unustamatuid hetki endale, oma l\u00e4hedastele ja s\u00f5pradele. Iga kingiga soovime kinkida teile r\u00f5\u00f5mu. Kiire ja tasuta kohaletoimetamine!","robots":{"index":"index","follow":"follow","max-snippet":"max-snippet:-1","max-image-preview":"max-image-preview:large","max-video-preview":"max-video-preview:-1"},"canonical":"https:\/\/kimpkommidest.ee\/shop\/lilled-kommidega-korvis\/kommikimp-royal\/","og_locale":"ru_RU","og_type":"article","og_title":"Kommikimp \ud83d\udc51\"Royal\" | S\u00f6\u00f6dav lillekimp | Kingitus igaks elu juhtumiks","og_description":"Kommikimp - Kinkige unustamatuid hetki endale, oma l\u00e4hedastele ja s\u00f5pradele. Iga kingiga soovime kinkida teile r\u00f5\u00f5mu. Kiire ja tasuta kohaletoimetamine!","og_url":"https:\/\/kimpkommidest.ee\/shop\/lilled-kommidega-korvis\/kommikimp-royal\/","og_site_name":"\u0421\u043b\u0430\u0434\u043a\u0438\u0439 \u0431\u0443\u043a\u0435\u0442 \u0438\u0437 \u043a\u043e\u043d\u0444\u0435\u0442","article_modified_time":"2024-11-19T09:50:41+00:00","og_image":[{"width":540,"height":540,"url":"https:\/\/kimpkommidest.ee\/wp-content\/uploads\/2017\/09\/3.jpg","type":"image\/jpeg"}],"twitter_card":"summary_large_image","schema":{"@context":"https:\/\/schema.org","@graph":[{"@type":"WebPage","@id":"https:\/\/kimpkommidest.ee\/shop\/lilled-kommidega-korvis\/kommikimp-royal\/","url":"https:\/\/kimpkommidest.ee\/shop\/lilled-kommidega-korvis\/kommikimp-royal\/","name":"Kommikimp \ud83d\udc51\"Royal\" | S\u00f6\u00f6dav lillekimp | Kingitus igaks elu juhtumiks","isPartOf":{"@id":"https:\/\/kimpkommidest.ee\/ru\/#website"},"primaryImageOfPage":{"@id":"https:\/\/kimpkommidest.ee\/shop\/lilled-kommidega-korvis\/kommikimp-royal\/#primaryimage"},"image":{"@id":"https:\/\/kimpkommidest.ee\/shop\/lilled-kommidega-korvis\/kommikimp-royal\/#primaryimage"},"thumbnailUrl":"https:\/\/kimpkommidest.ee\/wp-content\/uploads\/2017\/09\/3.jpg","datePublished":"2017-09-08T16:46:05+00:00","dateModified":"2024-11-19T09:50:41+00:00","description":"Kommikimp - Kinkige unustamatuid hetki endale, oma l\u00e4hedastele ja s\u00f5pradele. Iga kingiga soovime kinkida teile r\u00f5\u00f5mu. Kiire ja tasuta kohaletoimetamine!","breadcrumb":{"@id":"https:\/\/kimpkommidest.ee\/shop\/lilled-kommidega-korvis\/kommikimp-royal\/#breadcrumb"},"inLanguage":"ru-RU","potentialAction":[{"@type":"ReadAction","target":["https:\/\/kimpkommidest.ee\/shop\/lilled-kommidega-korvis\/kommikimp-royal\/"]}]},{"@type":"ImageObject","inLanguage":"ru-RU","@id":"https:\/\/kimpkommidest.ee\/shop\/lilled-kommidega-korvis\/kommikimp-royal\/#primaryimage","url":"https:\/\/kimpkommidest.ee\/wp-content\/uploads\/2017\/09\/3.jpg","contentUrl":"https:\/\/kimpkommidest.ee\/wp-content\/uploads\/2017\/09\/3.jpg","width":540,"height":540,"caption":"Kommikimp \ud83d\udc51\u201dRoyal\u201d"},{"@type":"BreadcrumbList","@id":"https:\/\/kimpkommidest.ee\/shop\/lilled-kommidega-korvis\/kommikimp-royal\/#breadcrumb","itemListElement":[{"@type":"ListItem","position":1,"name":"\u0413\u043b\u0430\u0432\u043d\u0430\u044f \u0441\u0442\u0440\u0430\u043d\u0438\u0446\u0430","item":"https:\/\/kimpkommidest.ee\/"},{"@type":"ListItem","position":2,"name":"\u041c\u0430\u0433\u0430\u0437\u0438\u043d","item":"https:\/\/kimpkommidest.ee\/"},{"@type":"ListItem","position":3,"name":"[:et]Kommikimp \ud83d\udc51&#187;Royal&#187;[:ru]\u0411\u0443\u043a\u0435\u0442 \u0438\u0437 \u043a\u043e\u043d\u0444\u0435\u0442 \ud83e\udd34\ud83c\udffc&#187;Royal&#187;[:]"}]},{"@type":"WebSite","@id":"https:\/\/kimpkommidest.ee\/ru\/#website","url":"https:\/\/kimpkommidest.ee\/ru\/","name":"\u0421\u043b\u0430\u0434\u043a\u0438\u0439 \u0431\u0443\u043a\u0435\u0442 \u0438\u0437 \u043a\u043e\u043d\u0444\u0435\u0442","description":"\u0417\u0430\u043c\u0435\u0447\u0430\u0442\u0435\u043b\u044c\u043d\u044b\u0439 \u043f\u043e\u0434\u0430\u0440\u043e\u043a \u0434\u043b\u044f \u0431\u043b\u0438\u0437\u043a\u0438\u0445","potentialAction":[{"@type":"SearchAction","target":{"@type":"EntryPoint","urlTemplate":"https:\/\/kimpkommidest.ee\/ru\/?s={search_term_string}"},"query-input":"required name=search_term_string"}],"inLanguage":"ru-RU"}]}},"_links":{"self":[{"href":"https:\/\/kimpkommidest.ee\/ru\/wp-json\/wp\/v2\/product\/275"}],"collection":[{"href":"https:\/\/kimpkommidest.ee\/ru\/wp-json\/wp\/v2\/product"}],"about":[{"href":"https:\/\/kimpkommidest.ee\/ru\/wp-json\/wp\/v2\/types\/product"}],"wp:featuredmedia":[{"embeddable":true,"href":"https:\/\/kimpkommidest.ee\/ru\/wp-json\/wp\/v2\/media\/278"}],"wp:attachment":[{"href":"https:\/\/kimpkommidest.ee\/ru\/wp-json\/wp\/v2\/media?parent=275"}],"wp:term":[{"taxonomy":"product_cat","embeddable":true,"href":"https:\/\/kimpkommidest.ee\/ru\/wp-json\/wp\/v2\/product_cat?post=275"},{"taxonomy":"product_tag","embeddable":true,"href":"https:\/\/kimpkommidest.ee\/ru\/wp-json\/wp\/v2\/product_tag?post=275"}],"curies":[{"name":"wp","href":"https:\/\/api.w.org\/{rel}","templated":true}]}}