{"id":267,"date":"2017-09-08T19:16:29","date_gmt":"2017-09-08T16:16:29","guid":{"rendered":"https:\/\/kimpkommidest.ee\/?post_type=product&#038;p=267"},"modified":"2024-11-19T12:50:50","modified_gmt":"2024-11-19T09:50:50","slug":"sugistuul","status":"publish","type":"product","link":"https:\/\/kimpkommidest.ee\/ru\/shop\/soodavlillekimp\/sugistuul\/","title":{"rendered":"\u041e\u0432\u043e\u0449\u043d\u043e\u0439 \u0431\u0443\u043a\u0435\u0442 \ud83c\udf45&#187;\u041e\u0441\u0435\u043d\u043d\u0438\u0439 \u0432\u0435\u0442\u0435\u0440\u043e\u043a&#187;"},"content":{"rendered":"","protected":false},"excerpt":{"rendered":"<p>\u041e\u0432\u043e\u0449\u043d\u043e\u0439 \u0431\u0443\u043a\u0435\u0442 \ud83c\udf45&#187;\u041e\u0441\u0435\u043d\u043d\u0438\u0439 \u0432\u0435\u0442\u0435\u0440\u043e\u043a&#187;<\/p>\n<p>\u0412 \u0441\u0435\u0437\u043e\u043d \u0441\u0432\u0435\u0436\u0438\u0445 \ud83c\udf36\u043e\u0432\u043e\u0449\u0435\u0439 \u043f\u043e\u0440\u0430\u0434\u0443\u0439 \u0441\u0435\u0431\u044f \u0438 \u0441\u0432\u043e\u0438\u0445 \u0431\u043b\u0438\u0437\u043a\u0438\u0445 \ud83c\udf4e\ud83c\udf4f\u044f\u0440\u043a\u0438\u043c \u0438 \u043f\u043e\u043b\u0435\u0437\u043d\u044b\u043c \u0431\u0443\u043a\u0435\u0442\u043e\u043c. \u0417\u0430\u043a\u0430\u0437\u044b\u0432\u0430\u0439 \u043d\u0430\u0448 \u0432\u0438\u0442\u0430\u043c\u0438\u043d\u043d\u044b\u0439 \u043f\u043e\u0434\u0430\u0440\u043e\u043a \ud83c\udf4b\u0443\u0436\u0435 \u0441\u0435\u0433\u043e\u0434\u043d\u044f!<\/p>\n<p>\u0420\u0430\u0437\u043c\u0435\u0440: \ud83e\udd8a\u0441\u0440\u0435\u0434\u043d\u0438\u0439<\/p>\n","protected":false},"featured_media":416,"template":"","meta":[],"product_cat":[19],"product_tag":[],"class_list":{"0":"post-267","1":"product","2":"type-product","3":"status-publish","4":"has-post-thumbnail","6":"product_cat-soodavlillekimp","8":"first","9":"instock","10":"taxable","11":"shipping-taxable","12":"purchasable","13":"product-type-simple"},"yoast_head":"<!-- This site is optimized with the Yoast SEO plugin v23.2 - https:\/\/yoast.com\/wordpress\/plugins\/seo\/ -->\n<title>\u041e\u0432\u043e\u0449\u043d\u043e\u0439 \u0431\u0443\u043a\u0435\u0442 \ud83c\udf45&quot;\u041e\u0441\u0435\u043d\u043d\u0438\u0439 \u0432\u0435\u0442\u0435\u0440\u043e\u043a&quot; - \u0421\u043b\u0430\u0434\u043a\u0438\u0439 \u0431\u0443\u043a\u0435\u0442 \u0438\u0437 \u043a\u043e\u043d\u0444\u0435\u0442<\/title>\n<meta name=\"robots\" content=\"index, follow, max-snippet:-1, max-image-preview:large, max-video-preview:-1\" \/>\n<link rel=\"canonical\" href=\"https:\/\/kimpkommidest.ee\/shop\/soodavlillekimp\/sugistuul\/\" \/>\n<meta property=\"og:locale\" content=\"ru_RU\" \/>\n<meta property=\"og:type\" content=\"article\" \/>\n<meta property=\"og:title\" content=\"[:et]Aedviljakimp \ud83c\udf36&quot;S\u00fcgistuul&quot;[:ru]\u041e\u0432\u043e\u0449\u043d\u043e\u0439 \u0431\u0443\u043a\u0435\u0442 \ud83c\udf45&quot;\u041e\u0441\u0435\u043d\u043d\u0438\u0439 \u0432\u0435\u0442\u0435\u0440\u043e\u043a&quot;[:] - \u0421\u043b\u0430\u0434\u043a\u0438\u0439 \u0431\u0443\u043a\u0435\u0442 \u0438\u0437 \u043a\u043e\u043d\u0444\u0435\u0442\" \/>\n<meta property=\"og:description\" content=\"[:et]Aedviljakimp \ud83c\udf36&quot;S\u00fcgistuul&quot;  \u00d5ues k\u00f5nnib \ud83c\udf2cs\u00fcgistuul? \u2614\ufe0fAedvilja hooaeg on k\u00e4es? Naudi \ud83c\udf46vitamiinirikast aedviljakimpu! \ud83e\udd52Telli t\u00e4na!  Suurus: \ud83e\udd8akeskmine[:ru]\u041e\u0432\u043e\u0449\u043d\u043e\u0439 \u0431\u0443\u043a\u0435\u0442 \ud83c\udf45&quot;\u041e\u0441\u0435\u043d\u043d\u0438\u0439 \u0432\u0435\u0442\u0435\u0440\u043e\u043a&quot;  \u0412 \u0441\u0435\u0437\u043e\u043d \u0441\u0432\u0435\u0436\u0438\u0445 \ud83c\udf36\u043e\u0432\u043e\u0449\u0435\u0439 \u043f\u043e\u0440\u0430\u0434\u0443\u0439 \u0441\u0435\u0431\u044f \u0438 \u0441\u0432\u043e\u0438\u0445 \u0431\u043b\u0438\u0437\u043a\u0438\u0445 \ud83c\udf4e\ud83c\udf4f\u044f\u0440\u043a\u0438\u043c \u0438 \u043f\u043e\u043b\u0435\u0437\u043d\u044b\u043c \u0431\u0443\u043a\u0435\u0442\u043e\u043c. \u0417\u0430\u043a\u0430\u0437\u044b\u0432\u0430\u0439 \u043d\u0430\u0448 \u0432\u0438\u0442\u0430\u043c\u0438\u043d\u043d\u044b\u0439 \u043f\u043e\u0434\u0430\u0440\u043e\u043a \ud83c\udf4b\u0443\u0436\u0435 \u0441\u0435\u0433\u043e\u0434\u043d\u044f!  \u0420\u0430\u0437\u043c\u0435\u0440: \ud83e\udd8a\u0441\u0440\u0435\u0434\u043d\u0438\u0439[:]\" \/>\n<meta property=\"og:url\" content=\"https:\/\/kimpkommidest.ee\/shop\/soodavlillekimp\/sugistuul\/\" \/>\n<meta property=\"og:site_name\" content=\"\u0421\u043b\u0430\u0434\u043a\u0438\u0439 \u0431\u0443\u043a\u0435\u0442 \u0438\u0437 \u043a\u043e\u043d\u0444\u0435\u0442\" \/>\n<meta property=\"article:modified_time\" content=\"2024-11-19T09:50:50+00:00\" \/>\n<meta property=\"og:image\" content=\"https:\/\/kimpkommidest.ee\/wp-content\/uploads\/2017\/09\/IMG_5301-1.jpg\" \/>\n\t<meta property=\"og:image:width\" content=\"2592\" \/>\n\t<meta property=\"og:image:height\" content=\"1944\" \/>\n\t<meta property=\"og:image:type\" content=\"image\/jpeg\" \/>\n<meta name=\"twitter:card\" content=\"summary_large_image\" \/>\n<script type=\"application\/ld+json\" class=\"yoast-schema-graph\">{\"@context\":\"https:\/\/schema.org\",\"@graph\":[{\"@type\":\"WebPage\",\"@id\":\"https:\/\/kimpkommidest.ee\/shop\/soodavlillekimp\/sugistuul\/\",\"url\":\"https:\/\/kimpkommidest.ee\/shop\/soodavlillekimp\/sugistuul\/\",\"name\":\"[:et]Aedviljakimp \ud83c\udf36\\\"S\u00fcgistuul\\\"[:ru]\u041e\u0432\u043e\u0449\u043d\u043e\u0439 \u0431\u0443\u043a\u0435\u0442 \ud83c\udf45\\\"\u041e\u0441\u0435\u043d\u043d\u0438\u0439 \u0432\u0435\u0442\u0435\u0440\u043e\u043a\\\"[:] - \u0421\u043b\u0430\u0434\u043a\u0438\u0439 \u0431\u0443\u043a\u0435\u0442 \u0438\u0437 \u043a\u043e\u043d\u0444\u0435\u0442\",\"isPartOf\":{\"@id\":\"https:\/\/kimpkommidest.ee\/ru\/#website\"},\"primaryImageOfPage\":{\"@id\":\"https:\/\/kimpkommidest.ee\/shop\/soodavlillekimp\/sugistuul\/#primaryimage\"},\"image\":{\"@id\":\"https:\/\/kimpkommidest.ee\/shop\/soodavlillekimp\/sugistuul\/#primaryimage\"},\"thumbnailUrl\":\"https:\/\/kimpkommidest.ee\/wp-content\/uploads\/2017\/09\/IMG_5301-1.jpg\",\"datePublished\":\"2017-09-08T16:16:29+00:00\",\"dateModified\":\"2024-11-19T09:50:50+00:00\",\"breadcrumb\":{\"@id\":\"https:\/\/kimpkommidest.ee\/shop\/soodavlillekimp\/sugistuul\/#breadcrumb\"},\"inLanguage\":\"ru-RU\",\"potentialAction\":[{\"@type\":\"ReadAction\",\"target\":[\"https:\/\/kimpkommidest.ee\/shop\/soodavlillekimp\/sugistuul\/\"]}]},{\"@type\":\"ImageObject\",\"inLanguage\":\"ru-RU\",\"@id\":\"https:\/\/kimpkommidest.ee\/shop\/soodavlillekimp\/sugistuul\/#primaryimage\",\"url\":\"https:\/\/kimpkommidest.ee\/wp-content\/uploads\/2017\/09\/IMG_5301-1.jpg\",\"contentUrl\":\"https:\/\/kimpkommidest.ee\/wp-content\/uploads\/2017\/09\/IMG_5301-1.jpg\",\"width\":2592,\"height\":1944,\"caption\":\"Aedviljakimp \ud83c\udf36\u201dS\u00fcgistuul\u201d\"},{\"@type\":\"BreadcrumbList\",\"@id\":\"https:\/\/kimpkommidest.ee\/shop\/soodavlillekimp\/sugistuul\/#breadcrumb\",\"itemListElement\":[{\"@type\":\"ListItem\",\"position\":1,\"name\":\"\u0413\u043b\u0430\u0432\u043d\u0430\u044f \u0441\u0442\u0440\u0430\u043d\u0438\u0446\u0430\",\"item\":\"https:\/\/kimpkommidest.ee\/\"},{\"@type\":\"ListItem\",\"position\":2,\"name\":\"\u041c\u0430\u0433\u0430\u0437\u0438\u043d\",\"item\":\"https:\/\/kimpkommidest.ee\/\"},{\"@type\":\"ListItem\",\"position\":3,\"name\":\"[:et]Aedviljakimp \ud83c\udf36&#187;S\u00fcgistuul&#187;[:ru]\u041e\u0432\u043e\u0449\u043d\u043e\u0439 \u0431\u0443\u043a\u0435\u0442 \ud83c\udf45&#187;\u041e\u0441\u0435\u043d\u043d\u0438\u0439 \u0432\u0435\u0442\u0435\u0440\u043e\u043a&#187;[:]\"}]},{\"@type\":\"WebSite\",\"@id\":\"https:\/\/kimpkommidest.ee\/ru\/#website\",\"url\":\"https:\/\/kimpkommidest.ee\/ru\/\",\"name\":\"\u0421\u043b\u0430\u0434\u043a\u0438\u0439 \u0431\u0443\u043a\u0435\u0442 \u0438\u0437 \u043a\u043e\u043d\u0444\u0435\u0442\",\"description\":\"\u0417\u0430\u043c\u0435\u0447\u0430\u0442\u0435\u043b\u044c\u043d\u044b\u0439 \u043f\u043e\u0434\u0430\u0440\u043e\u043a \u0434\u043b\u044f \u0431\u043b\u0438\u0437\u043a\u0438\u0445\",\"potentialAction\":[{\"@type\":\"SearchAction\",\"target\":{\"@type\":\"EntryPoint\",\"urlTemplate\":\"https:\/\/kimpkommidest.ee\/ru\/?s={search_term_string}\"},\"query-input\":\"required name=search_term_string\"}],\"inLanguage\":\"ru-RU\"}]}<\/script>\n<!-- \/ Yoast SEO plugin. -->","yoast_head_json":{"title":"[:et]Aedviljakimp \ud83c\udf36\"S\u00fcgistuul\"[:ru]\u041e\u0432\u043e\u0449\u043d\u043e\u0439 \u0431\u0443\u043a\u0435\u0442 \ud83c\udf45\"\u041e\u0441\u0435\u043d\u043d\u0438\u0439 \u0432\u0435\u0442\u0435\u0440\u043e\u043a\"[:] - \u0421\u043b\u0430\u0434\u043a\u0438\u0439 \u0431\u0443\u043a\u0435\u0442 \u0438\u0437 \u043a\u043e\u043d\u0444\u0435\u0442","robots":{"index":"index","follow":"follow","max-snippet":"max-snippet:-1","max-image-preview":"max-image-preview:large","max-video-preview":"max-video-preview:-1"},"canonical":"https:\/\/kimpkommidest.ee\/shop\/soodavlillekimp\/sugistuul\/","og_locale":"ru_RU","og_type":"article","og_title":"[:et]Aedviljakimp \ud83c\udf36\"S\u00fcgistuul\"[:ru]\u041e\u0432\u043e\u0449\u043d\u043e\u0439 \u0431\u0443\u043a\u0435\u0442 \ud83c\udf45\"\u041e\u0441\u0435\u043d\u043d\u0438\u0439 \u0432\u0435\u0442\u0435\u0440\u043e\u043a\"[:] - \u0421\u043b\u0430\u0434\u043a\u0438\u0439 \u0431\u0443\u043a\u0435\u0442 \u0438\u0437 \u043a\u043e\u043d\u0444\u0435\u0442","og_description":"[:et]Aedviljakimp \ud83c\udf36\"S\u00fcgistuul\"  \u00d5ues k\u00f5nnib \ud83c\udf2cs\u00fcgistuul? \u2614\ufe0fAedvilja hooaeg on k\u00e4es? Naudi \ud83c\udf46vitamiinirikast aedviljakimpu! \ud83e\udd52Telli t\u00e4na!  Suurus: \ud83e\udd8akeskmine[:ru]\u041e\u0432\u043e\u0449\u043d\u043e\u0439 \u0431\u0443\u043a\u0435\u0442 \ud83c\udf45\"\u041e\u0441\u0435\u043d\u043d\u0438\u0439 \u0432\u0435\u0442\u0435\u0440\u043e\u043a\"  \u0412 \u0441\u0435\u0437\u043e\u043d \u0441\u0432\u0435\u0436\u0438\u0445 \ud83c\udf36\u043e\u0432\u043e\u0449\u0435\u0439 \u043f\u043e\u0440\u0430\u0434\u0443\u0439 \u0441\u0435\u0431\u044f \u0438 \u0441\u0432\u043e\u0438\u0445 \u0431\u043b\u0438\u0437\u043a\u0438\u0445 \ud83c\udf4e\ud83c\udf4f\u044f\u0440\u043a\u0438\u043c \u0438 \u043f\u043e\u043b\u0435\u0437\u043d\u044b\u043c \u0431\u0443\u043a\u0435\u0442\u043e\u043c. \u0417\u0430\u043a\u0430\u0437\u044b\u0432\u0430\u0439 \u043d\u0430\u0448 \u0432\u0438\u0442\u0430\u043c\u0438\u043d\u043d\u044b\u0439 \u043f\u043e\u0434\u0430\u0440\u043e\u043a \ud83c\udf4b\u0443\u0436\u0435 \u0441\u0435\u0433\u043e\u0434\u043d\u044f!  \u0420\u0430\u0437\u043c\u0435\u0440: \ud83e\udd8a\u0441\u0440\u0435\u0434\u043d\u0438\u0439[:]","og_url":"https:\/\/kimpkommidest.ee\/shop\/soodavlillekimp\/sugistuul\/","og_site_name":"\u0421\u043b\u0430\u0434\u043a\u0438\u0439 \u0431\u0443\u043a\u0435\u0442 \u0438\u0437 \u043a\u043e\u043d\u0444\u0435\u0442","article_modified_time":"2024-11-19T09:50:50+00:00","og_image":[{"width":2592,"height":1944,"url":"https:\/\/kimpkommidest.ee\/wp-content\/uploads\/2017\/09\/IMG_5301-1.jpg","type":"image\/jpeg"}],"twitter_card":"summary_large_image","schema":{"@context":"https:\/\/schema.org","@graph":[{"@type":"WebPage","@id":"https:\/\/kimpkommidest.ee\/shop\/soodavlillekimp\/sugistuul\/","url":"https:\/\/kimpkommidest.ee\/shop\/soodavlillekimp\/sugistuul\/","name":"[:et]Aedviljakimp \ud83c\udf36\"S\u00fcgistuul\"[:ru]\u041e\u0432\u043e\u0449\u043d\u043e\u0439 \u0431\u0443\u043a\u0435\u0442 \ud83c\udf45\"\u041e\u0441\u0435\u043d\u043d\u0438\u0439 \u0432\u0435\u0442\u0435\u0440\u043e\u043a\"[:] - \u0421\u043b\u0430\u0434\u043a\u0438\u0439 \u0431\u0443\u043a\u0435\u0442 \u0438\u0437 \u043a\u043e\u043d\u0444\u0435\u0442","isPartOf":{"@id":"https:\/\/kimpkommidest.ee\/ru\/#website"},"primaryImageOfPage":{"@id":"https:\/\/kimpkommidest.ee\/shop\/soodavlillekimp\/sugistuul\/#primaryimage"},"image":{"@id":"https:\/\/kimpkommidest.ee\/shop\/soodavlillekimp\/sugistuul\/#primaryimage"},"thumbnailUrl":"https:\/\/kimpkommidest.ee\/wp-content\/uploads\/2017\/09\/IMG_5301-1.jpg","datePublished":"2017-09-08T16:16:29+00:00","dateModified":"2024-11-19T09:50:50+00:00","breadcrumb":{"@id":"https:\/\/kimpkommidest.ee\/shop\/soodavlillekimp\/sugistuul\/#breadcrumb"},"inLanguage":"ru-RU","potentialAction":[{"@type":"ReadAction","target":["https:\/\/kimpkommidest.ee\/shop\/soodavlillekimp\/sugistuul\/"]}]},{"@type":"ImageObject","inLanguage":"ru-RU","@id":"https:\/\/kimpkommidest.ee\/shop\/soodavlillekimp\/sugistuul\/#primaryimage","url":"https:\/\/kimpkommidest.ee\/wp-content\/uploads\/2017\/09\/IMG_5301-1.jpg","contentUrl":"https:\/\/kimpkommidest.ee\/wp-content\/uploads\/2017\/09\/IMG_5301-1.jpg","width":2592,"height":1944,"caption":"Aedviljakimp \ud83c\udf36\u201dS\u00fcgistuul\u201d"},{"@type":"BreadcrumbList","@id":"https:\/\/kimpkommidest.ee\/shop\/soodavlillekimp\/sugistuul\/#breadcrumb","itemListElement":[{"@type":"ListItem","position":1,"name":"\u0413\u043b\u0430\u0432\u043d\u0430\u044f \u0441\u0442\u0440\u0430\u043d\u0438\u0446\u0430","item":"https:\/\/kimpkommidest.ee\/"},{"@type":"ListItem","position":2,"name":"\u041c\u0430\u0433\u0430\u0437\u0438\u043d","item":"https:\/\/kimpkommidest.ee\/"},{"@type":"ListItem","position":3,"name":"[:et]Aedviljakimp \ud83c\udf36&#187;S\u00fcgistuul&#187;[:ru]\u041e\u0432\u043e\u0449\u043d\u043e\u0439 \u0431\u0443\u043a\u0435\u0442 \ud83c\udf45&#187;\u041e\u0441\u0435\u043d\u043d\u0438\u0439 \u0432\u0435\u0442\u0435\u0440\u043e\u043a&#187;[:]"}]},{"@type":"WebSite","@id":"https:\/\/kimpkommidest.ee\/ru\/#website","url":"https:\/\/kimpkommidest.ee\/ru\/","name":"\u0421\u043b\u0430\u0434\u043a\u0438\u0439 \u0431\u0443\u043a\u0435\u0442 \u0438\u0437 \u043a\u043e\u043d\u0444\u0435\u0442","description":"\u0417\u0430\u043c\u0435\u0447\u0430\u0442\u0435\u043b\u044c\u043d\u044b\u0439 \u043f\u043e\u0434\u0430\u0440\u043e\u043a \u0434\u043b\u044f \u0431\u043b\u0438\u0437\u043a\u0438\u0445","potentialAction":[{"@type":"SearchAction","target":{"@type":"EntryPoint","urlTemplate":"https:\/\/kimpkommidest.ee\/ru\/?s={search_term_string}"},"query-input":"required name=search_term_string"}],"inLanguage":"ru-RU"}]}},"_links":{"self":[{"href":"https:\/\/kimpkommidest.ee\/ru\/wp-json\/wp\/v2\/product\/267"}],"collection":[{"href":"https:\/\/kimpkommidest.ee\/ru\/wp-json\/wp\/v2\/product"}],"about":[{"href":"https:\/\/kimpkommidest.ee\/ru\/wp-json\/wp\/v2\/types\/product"}],"wp:featuredmedia":[{"embeddable":true,"href":"https:\/\/kimpkommidest.ee\/ru\/wp-json\/wp\/v2\/media\/416"}],"wp:attachment":[{"href":"https:\/\/kimpkommidest.ee\/ru\/wp-json\/wp\/v2\/media?parent=267"}],"wp:term":[{"taxonomy":"product_cat","embeddable":true,"href":"https:\/\/kimpkommidest.ee\/ru\/wp-json\/wp\/v2\/product_cat?post=267"},{"taxonomy":"product_tag","embeddable":true,"href":"https:\/\/kimpkommidest.ee\/ru\/wp-json\/wp\/v2\/product_tag?post=267"}],"curies":[{"name":"wp","href":"https:\/\/api.w.org\/{rel}","templated":true}]}}