{"id":257,"date":"2017-09-08T19:09:46","date_gmt":"2017-09-08T16:09:46","guid":{"rendered":"https:\/\/kimpkommidest.ee\/?post_type=product&#038;p=257"},"modified":"2024-11-19T12:51:06","modified_gmt":"2024-11-19T09:51:06","slug":"tort-romantika","status":"publish","type":"product","link":"https:\/\/kimpkommidest.ee\/ru\/shop\/tort-kommidest\/tort-romantika\/","title":{"rendered":"\ud83c\udf82 \u0422\u043e\u0440\u0442 &#171;\u0420\u043e\u043c\u0430\u043d\u0442\u0438\u043a\u0430&#187; \u0438\u0437 \u043a\u043e\u043d\u0444\u0435\u0442 \ud83c\udf6d\ud83c\udf6c"},"content":{"rendered":"","protected":false},"excerpt":{"rendered":"<p>\u0422\u043e\u0440\u0442 \ud83c\udf82&#187;\u0420\u043e\u043c\u0430\u043d\u0442\u0438\u043a\u0430&#187; \u0438\u0437 \u043a\u043e\u043d\u0444\u0435\u0442\ud83c\udf6c\ud83c\udf6d<br \/>\n\u041a\u0440\u0430\u0441\u0438\u0432\u044b\u0439 \u043f\u043e\u0434\u0430\u0440\u043e\u043a \ud83c\udf81\u043d\u0430 \u0434\u0435\u043d\u044c \u0440\u043e\u0436\u0434\u0435\u043d\u0438\u044f \u0440\u0435\u0431\u0435\u043d\u043a\u0443, \ud83d\udc9a\u0434\u0440\u0443\u0433\u0443 \u0438\u043b\u0438 \u043f\u043e\u0434\u0440\u0443\u0433\u0435\ud83d\udc67. \u0413\u043b\u0430\u0432\u043d\u0430\u044f \u0446\u0435\u043b\u044c \ud83c\udf08\u043f\u043e\u0434\u0430\u0440\u043a\u0430 \u2013 \u043f\u0440\u043e\u0434\u0435\u043c\u043e\u043d\u0441\u0442\u0440\u0438\u0440\u043e\u0432\u0430\u0442\u044c \u0441\u0432\u043e\u0435 \u0434\u043e\u0431\u0440\u043e\u0435 \ud83d\udc95\u043e\u0442\u043d\u043e\u0448\u0435\u043d\u0438\u0435. \u041f\u043e\u043a\u0443\u043f\u0430\u0439\u270c \u0441\u043a\u043e\u0440\u0435\u0435!<\/p>\n<p>\u0420\u0430\u0437\u043c\u0435\u0440\ud83c\udf08: \u0431\u043e\u043b\u044c\u0448\u043e\u0439 \u00f823<\/p>\n","protected":false},"featured_media":387,"template":"","meta":[],"product_cat":[18],"product_tag":[],"class_list":{"0":"post-257","1":"product","2":"type-product","3":"status-publish","4":"has-post-thumbnail","6":"product_cat-tort-kommidest","8":"first","9":"instock","10":"taxable","11":"shipping-taxable","12":"purchasable","13":"product-type-simple"},"yoast_head":"<!-- This site is optimized with the Yoast SEO plugin v23.2 - https:\/\/yoast.com\/wordpress\/plugins\/seo\/ -->\n<title>\ud83c\udf82 \u0422\u043e\u0440\u0442 &quot;\u0420\u043e\u043c\u0430\u043d\u0442\u0438\u043a\u0430&quot; \u0438\u0437 \u043a\u043e\u043d\u0444\u0435\u0442 \ud83c\udf6d\ud83c\udf6c - \u0421\u043b\u0430\u0434\u043a\u0438\u0439 \u0431\u0443\u043a\u0435\u0442 \u0438\u0437 \u043a\u043e\u043d\u0444\u0435\u0442<\/title>\n<meta name=\"robots\" content=\"index, follow, max-snippet:-1, max-image-preview:large, max-video-preview:-1\" \/>\n<link rel=\"canonical\" href=\"https:\/\/kimpkommidest.ee\/shop\/tort-kommidest\/tort-romantika\/\" \/>\n<meta property=\"og:locale\" content=\"ru_RU\" \/>\n<meta property=\"og:type\" content=\"article\" \/>\n<meta property=\"og:title\" content=\"[:et]\ud83c\udf82 Tort &quot;Romantika&quot; kommidest \ud83c\udf6d\ud83c\udf6c[:ru]\ud83c\udf82 \u0422\u043e\u0440\u0442 &quot;\u0420\u043e\u043c\u0430\u043d\u0442\u0438\u043a\u0430&quot; \u0438\u0437 \u043a\u043e\u043d\u0444\u0435\u0442 \ud83c\udf6d\ud83c\udf6c[:] - \u0421\u043b\u0430\u0434\u043a\u0438\u0439 \u0431\u0443\u043a\u0435\u0442 \u0438\u0437 \u043a\u043e\u043d\u0444\u0435\u0442\" \/>\n<meta property=\"og:description\" content=\"[:et]Ilus \ud83d\udc9akingitus lastele \ud83c\udf81 s\u00fcnnip\u00e4evaks, s\u00f5brale v\u00f5i s\u00f5brannale\ud83d\udc67. Kingituse \ud83d\udc90esmane\ud83e\udd17 eesm\u00e4rk on n\u00e4idata kingisaajale, et ta on Sinu \u2764\ufe0fjaoks oluline. Osta \ud83e\udd11 kohe!  Suurus\ud83c\udf08: suur \u00f823  &nbsp;[:ru]\u0422\u043e\u0440\u0442 \ud83c\udf82&quot;\u0420\u043e\u043c\u0430\u043d\u0442\u0438\u043a\u0430&quot; \u0438\u0437 \u043a\u043e\u043d\u0444\u0435\u0442\ud83c\udf6c\ud83c\udf6d \u041a\u0440\u0430\u0441\u0438\u0432\u044b\u0439 \u043f\u043e\u0434\u0430\u0440\u043e\u043a \ud83c\udf81\u043d\u0430 \u0434\u0435\u043d\u044c \u0440\u043e\u0436\u0434\u0435\u043d\u0438\u044f \u0440\u0435\u0431\u0435\u043d\u043a\u0443, \ud83d\udc9a\u0434\u0440\u0443\u0433\u0443 \u0438\u043b\u0438 \u043f\u043e\u0434\u0440\u0443\u0433\u0435\ud83d\udc67. \u0413\u043b\u0430\u0432\u043d\u0430\u044f \u0446\u0435\u043b\u044c \ud83c\udf08\u043f\u043e\u0434\u0430\u0440\u043a\u0430 \u2013 \u043f\u0440\u043e\u0434\u0435\u043c\u043e\u043d\u0441\u0442\u0440\u0438\u0440\u043e\u0432\u0430\u0442\u044c \u0441\u0432\u043e\u0435 \u0434\u043e\u0431\u0440\u043e\u0435 \ud83d\udc95\u043e\u0442\u043d\u043e\u0448\u0435\u043d\u0438\u0435. \u041f\u043e\u043a\u0443\u043f\u0430\u0439\u270c \u0441\u043a\u043e\u0440\u0435\u0435!  \u0420\u0430\u0437\u043c\u0435\u0440\ud83c\udf08: \u0431\u043e\u043b\u044c\u0448\u043e\u0439 \u00f823[:]\" \/>\n<meta property=\"og:url\" content=\"https:\/\/kimpkommidest.ee\/shop\/tort-kommidest\/tort-romantika\/\" \/>\n<meta property=\"og:site_name\" content=\"\u0421\u043b\u0430\u0434\u043a\u0438\u0439 \u0431\u0443\u043a\u0435\u0442 \u0438\u0437 \u043a\u043e\u043d\u0444\u0435\u0442\" \/>\n<meta property=\"article:modified_time\" content=\"2024-11-19T09:51:06+00:00\" \/>\n<meta property=\"og:image\" content=\"https:\/\/kimpkommidest.ee\/wp-content\/uploads\/2017\/09\/2017-04-26-18-59-03.jpg\" \/>\n\t<meta property=\"og:image:width\" content=\"941\" \/>\n\t<meta property=\"og:image:height\" content=\"1044\" \/>\n\t<meta property=\"og:image:type\" content=\"image\/jpeg\" \/>\n<meta name=\"twitter:card\" content=\"summary_large_image\" \/>\n<script type=\"application\/ld+json\" class=\"yoast-schema-graph\">{\"@context\":\"https:\/\/schema.org\",\"@graph\":[{\"@type\":\"WebPage\",\"@id\":\"https:\/\/kimpkommidest.ee\/shop\/tort-kommidest\/tort-romantika\/\",\"url\":\"https:\/\/kimpkommidest.ee\/shop\/tort-kommidest\/tort-romantika\/\",\"name\":\"[:et]\ud83c\udf82 Tort \\\"Romantika\\\" kommidest \ud83c\udf6d\ud83c\udf6c[:ru]\ud83c\udf82 \u0422\u043e\u0440\u0442 \\\"\u0420\u043e\u043c\u0430\u043d\u0442\u0438\u043a\u0430\\\" \u0438\u0437 \u043a\u043e\u043d\u0444\u0435\u0442 \ud83c\udf6d\ud83c\udf6c[:] - \u0421\u043b\u0430\u0434\u043a\u0438\u0439 \u0431\u0443\u043a\u0435\u0442 \u0438\u0437 \u043a\u043e\u043d\u0444\u0435\u0442\",\"isPartOf\":{\"@id\":\"https:\/\/kimpkommidest.ee\/ru\/#website\"},\"primaryImageOfPage\":{\"@id\":\"https:\/\/kimpkommidest.ee\/shop\/tort-kommidest\/tort-romantika\/#primaryimage\"},\"image\":{\"@id\":\"https:\/\/kimpkommidest.ee\/shop\/tort-kommidest\/tort-romantika\/#primaryimage\"},\"thumbnailUrl\":\"https:\/\/kimpkommidest.ee\/wp-content\/uploads\/2017\/09\/2017-04-26-18-59-03.jpg\",\"datePublished\":\"2017-09-08T16:09:46+00:00\",\"dateModified\":\"2024-11-19T09:51:06+00:00\",\"breadcrumb\":{\"@id\":\"https:\/\/kimpkommidest.ee\/shop\/tort-kommidest\/tort-romantika\/#breadcrumb\"},\"inLanguage\":\"ru-RU\",\"potentialAction\":[{\"@type\":\"ReadAction\",\"target\":[\"https:\/\/kimpkommidest.ee\/shop\/tort-kommidest\/tort-romantika\/\"]}]},{\"@type\":\"ImageObject\",\"inLanguage\":\"ru-RU\",\"@id\":\"https:\/\/kimpkommidest.ee\/shop\/tort-kommidest\/tort-romantika\/#primaryimage\",\"url\":\"https:\/\/kimpkommidest.ee\/wp-content\/uploads\/2017\/09\/2017-04-26-18-59-03.jpg\",\"contentUrl\":\"https:\/\/kimpkommidest.ee\/wp-content\/uploads\/2017\/09\/2017-04-26-18-59-03.jpg\",\"width\":941,\"height\":1044,\"caption\":\"\ud83c\udf82 Tort \u201cRomantika\u201d kommidest \ud83c\udf6d\ud83c\udf6c\"},{\"@type\":\"BreadcrumbList\",\"@id\":\"https:\/\/kimpkommidest.ee\/shop\/tort-kommidest\/tort-romantika\/#breadcrumb\",\"itemListElement\":[{\"@type\":\"ListItem\",\"position\":1,\"name\":\"\u0413\u043b\u0430\u0432\u043d\u0430\u044f \u0441\u0442\u0440\u0430\u043d\u0438\u0446\u0430\",\"item\":\"https:\/\/kimpkommidest.ee\/\"},{\"@type\":\"ListItem\",\"position\":2,\"name\":\"\u041c\u0430\u0433\u0430\u0437\u0438\u043d\",\"item\":\"https:\/\/kimpkommidest.ee\/\"},{\"@type\":\"ListItem\",\"position\":3,\"name\":\"[:et]\ud83c\udf82 Tort &#171;Romantika&#187; kommidest \ud83c\udf6d\ud83c\udf6c[:ru]\ud83c\udf82 \u0422\u043e\u0440\u0442 &#171;\u0420\u043e\u043c\u0430\u043d\u0442\u0438\u043a\u0430&#187; \u0438\u0437 \u043a\u043e\u043d\u0444\u0435\u0442 \ud83c\udf6d\ud83c\udf6c[:]\"}]},{\"@type\":\"WebSite\",\"@id\":\"https:\/\/kimpkommidest.ee\/ru\/#website\",\"url\":\"https:\/\/kimpkommidest.ee\/ru\/\",\"name\":\"\u0421\u043b\u0430\u0434\u043a\u0438\u0439 \u0431\u0443\u043a\u0435\u0442 \u0438\u0437 \u043a\u043e\u043d\u0444\u0435\u0442\",\"description\":\"\u0417\u0430\u043c\u0435\u0447\u0430\u0442\u0435\u043b\u044c\u043d\u044b\u0439 \u043f\u043e\u0434\u0430\u0440\u043e\u043a \u0434\u043b\u044f \u0431\u043b\u0438\u0437\u043a\u0438\u0445\",\"potentialAction\":[{\"@type\":\"SearchAction\",\"target\":{\"@type\":\"EntryPoint\",\"urlTemplate\":\"https:\/\/kimpkommidest.ee\/ru\/?s={search_term_string}\"},\"query-input\":\"required name=search_term_string\"}],\"inLanguage\":\"ru-RU\"}]}<\/script>\n<!-- \/ Yoast SEO plugin. -->","yoast_head_json":{"title":"[:et]\ud83c\udf82 Tort \"Romantika\" kommidest \ud83c\udf6d\ud83c\udf6c[:ru]\ud83c\udf82 \u0422\u043e\u0440\u0442 \"\u0420\u043e\u043c\u0430\u043d\u0442\u0438\u043a\u0430\" \u0438\u0437 \u043a\u043e\u043d\u0444\u0435\u0442 \ud83c\udf6d\ud83c\udf6c[:] - \u0421\u043b\u0430\u0434\u043a\u0438\u0439 \u0431\u0443\u043a\u0435\u0442 \u0438\u0437 \u043a\u043e\u043d\u0444\u0435\u0442","robots":{"index":"index","follow":"follow","max-snippet":"max-snippet:-1","max-image-preview":"max-image-preview:large","max-video-preview":"max-video-preview:-1"},"canonical":"https:\/\/kimpkommidest.ee\/shop\/tort-kommidest\/tort-romantika\/","og_locale":"ru_RU","og_type":"article","og_title":"[:et]\ud83c\udf82 Tort \"Romantika\" kommidest \ud83c\udf6d\ud83c\udf6c[:ru]\ud83c\udf82 \u0422\u043e\u0440\u0442 \"\u0420\u043e\u043c\u0430\u043d\u0442\u0438\u043a\u0430\" \u0438\u0437 \u043a\u043e\u043d\u0444\u0435\u0442 \ud83c\udf6d\ud83c\udf6c[:] - \u0421\u043b\u0430\u0434\u043a\u0438\u0439 \u0431\u0443\u043a\u0435\u0442 \u0438\u0437 \u043a\u043e\u043d\u0444\u0435\u0442","og_description":"[:et]Ilus \ud83d\udc9akingitus lastele \ud83c\udf81 s\u00fcnnip\u00e4evaks, s\u00f5brale v\u00f5i s\u00f5brannale\ud83d\udc67. Kingituse \ud83d\udc90esmane\ud83e\udd17 eesm\u00e4rk on n\u00e4idata kingisaajale, et ta on Sinu \u2764\ufe0fjaoks oluline. Osta \ud83e\udd11 kohe!  Suurus\ud83c\udf08: suur \u00f823  &nbsp;[:ru]\u0422\u043e\u0440\u0442 \ud83c\udf82\"\u0420\u043e\u043c\u0430\u043d\u0442\u0438\u043a\u0430\" \u0438\u0437 \u043a\u043e\u043d\u0444\u0435\u0442\ud83c\udf6c\ud83c\udf6d \u041a\u0440\u0430\u0441\u0438\u0432\u044b\u0439 \u043f\u043e\u0434\u0430\u0440\u043e\u043a \ud83c\udf81\u043d\u0430 \u0434\u0435\u043d\u044c \u0440\u043e\u0436\u0434\u0435\u043d\u0438\u044f \u0440\u0435\u0431\u0435\u043d\u043a\u0443, \ud83d\udc9a\u0434\u0440\u0443\u0433\u0443 \u0438\u043b\u0438 \u043f\u043e\u0434\u0440\u0443\u0433\u0435\ud83d\udc67. \u0413\u043b\u0430\u0432\u043d\u0430\u044f \u0446\u0435\u043b\u044c \ud83c\udf08\u043f\u043e\u0434\u0430\u0440\u043a\u0430 \u2013 \u043f\u0440\u043e\u0434\u0435\u043c\u043e\u043d\u0441\u0442\u0440\u0438\u0440\u043e\u0432\u0430\u0442\u044c \u0441\u0432\u043e\u0435 \u0434\u043e\u0431\u0440\u043e\u0435 \ud83d\udc95\u043e\u0442\u043d\u043e\u0448\u0435\u043d\u0438\u0435. \u041f\u043e\u043a\u0443\u043f\u0430\u0439\u270c \u0441\u043a\u043e\u0440\u0435\u0435!  \u0420\u0430\u0437\u043c\u0435\u0440\ud83c\udf08: \u0431\u043e\u043b\u044c\u0448\u043e\u0439 \u00f823[:]","og_url":"https:\/\/kimpkommidest.ee\/shop\/tort-kommidest\/tort-romantika\/","og_site_name":"\u0421\u043b\u0430\u0434\u043a\u0438\u0439 \u0431\u0443\u043a\u0435\u0442 \u0438\u0437 \u043a\u043e\u043d\u0444\u0435\u0442","article_modified_time":"2024-11-19T09:51:06+00:00","og_image":[{"width":941,"height":1044,"url":"https:\/\/kimpkommidest.ee\/wp-content\/uploads\/2017\/09\/2017-04-26-18-59-03.jpg","type":"image\/jpeg"}],"twitter_card":"summary_large_image","schema":{"@context":"https:\/\/schema.org","@graph":[{"@type":"WebPage","@id":"https:\/\/kimpkommidest.ee\/shop\/tort-kommidest\/tort-romantika\/","url":"https:\/\/kimpkommidest.ee\/shop\/tort-kommidest\/tort-romantika\/","name":"[:et]\ud83c\udf82 Tort \"Romantika\" kommidest \ud83c\udf6d\ud83c\udf6c[:ru]\ud83c\udf82 \u0422\u043e\u0440\u0442 \"\u0420\u043e\u043c\u0430\u043d\u0442\u0438\u043a\u0430\" \u0438\u0437 \u043a\u043e\u043d\u0444\u0435\u0442 \ud83c\udf6d\ud83c\udf6c[:] - \u0421\u043b\u0430\u0434\u043a\u0438\u0439 \u0431\u0443\u043a\u0435\u0442 \u0438\u0437 \u043a\u043e\u043d\u0444\u0435\u0442","isPartOf":{"@id":"https:\/\/kimpkommidest.ee\/ru\/#website"},"primaryImageOfPage":{"@id":"https:\/\/kimpkommidest.ee\/shop\/tort-kommidest\/tort-romantika\/#primaryimage"},"image":{"@id":"https:\/\/kimpkommidest.ee\/shop\/tort-kommidest\/tort-romantika\/#primaryimage"},"thumbnailUrl":"https:\/\/kimpkommidest.ee\/wp-content\/uploads\/2017\/09\/2017-04-26-18-59-03.jpg","datePublished":"2017-09-08T16:09:46+00:00","dateModified":"2024-11-19T09:51:06+00:00","breadcrumb":{"@id":"https:\/\/kimpkommidest.ee\/shop\/tort-kommidest\/tort-romantika\/#breadcrumb"},"inLanguage":"ru-RU","potentialAction":[{"@type":"ReadAction","target":["https:\/\/kimpkommidest.ee\/shop\/tort-kommidest\/tort-romantika\/"]}]},{"@type":"ImageObject","inLanguage":"ru-RU","@id":"https:\/\/kimpkommidest.ee\/shop\/tort-kommidest\/tort-romantika\/#primaryimage","url":"https:\/\/kimpkommidest.ee\/wp-content\/uploads\/2017\/09\/2017-04-26-18-59-03.jpg","contentUrl":"https:\/\/kimpkommidest.ee\/wp-content\/uploads\/2017\/09\/2017-04-26-18-59-03.jpg","width":941,"height":1044,"caption":"\ud83c\udf82 Tort \u201cRomantika\u201d kommidest \ud83c\udf6d\ud83c\udf6c"},{"@type":"BreadcrumbList","@id":"https:\/\/kimpkommidest.ee\/shop\/tort-kommidest\/tort-romantika\/#breadcrumb","itemListElement":[{"@type":"ListItem","position":1,"name":"\u0413\u043b\u0430\u0432\u043d\u0430\u044f \u0441\u0442\u0440\u0430\u043d\u0438\u0446\u0430","item":"https:\/\/kimpkommidest.ee\/"},{"@type":"ListItem","position":2,"name":"\u041c\u0430\u0433\u0430\u0437\u0438\u043d","item":"https:\/\/kimpkommidest.ee\/"},{"@type":"ListItem","position":3,"name":"[:et]\ud83c\udf82 Tort &#171;Romantika&#187; kommidest \ud83c\udf6d\ud83c\udf6c[:ru]\ud83c\udf82 \u0422\u043e\u0440\u0442 &#171;\u0420\u043e\u043c\u0430\u043d\u0442\u0438\u043a\u0430&#187; \u0438\u0437 \u043a\u043e\u043d\u0444\u0435\u0442 \ud83c\udf6d\ud83c\udf6c[:]"}]},{"@type":"WebSite","@id":"https:\/\/kimpkommidest.ee\/ru\/#website","url":"https:\/\/kimpkommidest.ee\/ru\/","name":"\u0421\u043b\u0430\u0434\u043a\u0438\u0439 \u0431\u0443\u043a\u0435\u0442 \u0438\u0437 \u043a\u043e\u043d\u0444\u0435\u0442","description":"\u0417\u0430\u043c\u0435\u0447\u0430\u0442\u0435\u043b\u044c\u043d\u044b\u0439 \u043f\u043e\u0434\u0430\u0440\u043e\u043a \u0434\u043b\u044f \u0431\u043b\u0438\u0437\u043a\u0438\u0445","potentialAction":[{"@type":"SearchAction","target":{"@type":"EntryPoint","urlTemplate":"https:\/\/kimpkommidest.ee\/ru\/?s={search_term_string}"},"query-input":"required name=search_term_string"}],"inLanguage":"ru-RU"}]}},"_links":{"self":[{"href":"https:\/\/kimpkommidest.ee\/ru\/wp-json\/wp\/v2\/product\/257"}],"collection":[{"href":"https:\/\/kimpkommidest.ee\/ru\/wp-json\/wp\/v2\/product"}],"about":[{"href":"https:\/\/kimpkommidest.ee\/ru\/wp-json\/wp\/v2\/types\/product"}],"wp:featuredmedia":[{"embeddable":true,"href":"https:\/\/kimpkommidest.ee\/ru\/wp-json\/wp\/v2\/media\/387"}],"wp:attachment":[{"href":"https:\/\/kimpkommidest.ee\/ru\/wp-json\/wp\/v2\/media?parent=257"}],"wp:term":[{"taxonomy":"product_cat","embeddable":true,"href":"https:\/\/kimpkommidest.ee\/ru\/wp-json\/wp\/v2\/product_cat?post=257"},{"taxonomy":"product_tag","embeddable":true,"href":"https:\/\/kimpkommidest.ee\/ru\/wp-json\/wp\/v2\/product_tag?post=257"}],"curies":[{"name":"wp","href":"https:\/\/api.w.org\/{rel}","templated":true}]}}