{"id":151,"date":"2017-09-05T23:27:15","date_gmt":"2017-09-05T20:27:15","guid":{"rendered":"https:\/\/kimpkommidest.ee\/?post_type=product&#038;p=151"},"modified":"2024-11-19T12:51:31","modified_gmt":"2024-11-19T09:51:31","slug":"kommikimp-luksus","status":"publish","type":"product","link":"https:\/\/kimpkommidest.ee\/ru\/shop\/kommikimp\/kommikimp-luksus\/","title":{"rendered":"\u0411\u0443\u043a\u0435\u0442 \u0438\u0437 \u043a\u043e\u043d\u0444\u0435\u0442 &#171;\u0420\u043e\u0441\u043a\u043e\u0448\u044c&#187;\ud83c\udf80"},"content":{"rendered":"","protected":false},"excerpt":{"rendered":"<p>\u041e\u0440\u0430\u043d\u0436\u0435\u0432\u044b\u0439 \u0446\u0432\u0435\u0442 &#8212; \u0441\u0438\u043c\u0432\u043e\u043b \ud83c\udf6c\u0440\u0430\u0434\u043e\u0441\u0442\u0438, \u0441\u043c\u0435\u043b\u043e\u0441\u0442\u0438 \u0438 \ud83e\udd81\u0440\u043e\u0441\u043a\u043e\u0448\u0438. \u041d\u0435 \u0441\u043a\u0440\u044b\u0432\u0430\u0439 \u0441\u0432\u043e\u0438 \u0447\u0443\u0432\u0441\u0442\u0432\u0430, \u2665\ufe0f\u043f\u043e\u0434\u0430\u0440\u0438 \u0440\u043e\u0441\u043a\u043e\u0448\u043d\u044b\u0439 \u0431\u0443\u043a\u0435\u0442 \ud83d\udc90 \u0438\u0437 \u043a\u043e\u043d\u0444\u0435\u0442!<\/p>\n<p>\u0420\u0430\u0437\u043c\u0435\u0440: \ud83e\udd8a\u0441\u0440\u0435\u0434\u043d\u0438\u0439<\/p>\n","protected":false},"featured_media":701,"template":"","meta":[],"product_cat":[17],"product_tag":[],"class_list":{"0":"post-151","1":"product","2":"type-product","3":"status-publish","4":"has-post-thumbnail","6":"product_cat-kommikimp","8":"first","9":"instock","10":"taxable","11":"shipping-taxable","12":"purchasable","13":"product-type-simple"},"yoast_head":"<!-- This site is optimized with the Yoast SEO plugin v23.2 - https:\/\/yoast.com\/wordpress\/plugins\/seo\/ -->\n<title>\u0411\u0443\u043a\u0435\u0442 \u0438\u0437 \u043a\u043e\u043d\u0444\u0435\u0442 &quot;\u0420\u043e\u0441\u043a\u043e\u0448\u044c&quot;\ud83c\udf80 - \u0421\u043b\u0430\u0434\u043a\u0438\u0439 \u0431\u0443\u043a\u0435\u0442 \u0438\u0437 \u043a\u043e\u043d\u0444\u0435\u0442<\/title>\n<meta name=\"robots\" content=\"index, follow, max-snippet:-1, max-image-preview:large, max-video-preview:-1\" \/>\n<link rel=\"canonical\" href=\"https:\/\/kimpkommidest.ee\/shop\/kommikimp\/kommikimp-luksus\/\" \/>\n<meta property=\"og:locale\" content=\"ru_RU\" \/>\n<meta property=\"og:type\" content=\"article\" \/>\n<meta property=\"og:title\" content=\"[:et]Kommikimp &quot;Luksus&quot;\ud83c\udf80[:ru]\u0411\u0443\u043a\u0435\u0442 \u0438\u0437 \u043a\u043e\u043d\u0444\u0435\u0442 &quot;\u0420\u043e\u0441\u043a\u043e\u0448\u044c&quot;\ud83c\udf80[:] - \u0421\u043b\u0430\u0434\u043a\u0438\u0439 \u0431\u0443\u043a\u0435\u0442 \u0438\u0437 \u043a\u043e\u043d\u0444\u0435\u0442\" \/>\n<meta property=\"og:description\" content=\"[:et]Oran\u017e s\u00fcmboliseerib \ud83c\udf38 r\u00f5\u00f5mu, julgust ja luksust! \ud83d\udc51\u00c4ra h\u00e4bene, n\u00e4ita oma \ud83c\udf05tundeid! Kingi \ud83e\udd81luksuslik kommikimp! Suurus: \ud83e\udd8akeskmine[:ru]\u041e\u0440\u0430\u043d\u0436\u0435\u0432\u044b\u0439 \u0446\u0432\u0435\u0442 - \u0441\u0438\u043c\u0432\u043e\u043b \ud83c\udf6c\u0440\u0430\u0434\u043e\u0441\u0442\u0438, \u0441\u043c\u0435\u043b\u043e\u0441\u0442\u0438 \u0438 \ud83e\udd81\u0440\u043e\u0441\u043a\u043e\u0448\u0438. \u041d\u0435 \u0441\u043a\u0440\u044b\u0432\u0430\u0439 \u0441\u0432\u043e\u0438 \u0447\u0443\u0432\u0441\u0442\u0432\u0430, \u2665\ufe0f\u043f\u043e\u0434\u0430\u0440\u0438 \u0440\u043e\u0441\u043a\u043e\u0448\u043d\u044b\u0439 \u0431\u0443\u043a\u0435\u0442 \ud83d\udc90 \u0438\u0437 \u043a\u043e\u043d\u0444\u0435\u0442!  \u0420\u0430\u0437\u043c\u0435\u0440: \ud83e\udd8a\u0441\u0440\u0435\u0434\u043d\u0438\u0439[:]\" \/>\n<meta property=\"og:url\" content=\"https:\/\/kimpkommidest.ee\/shop\/kommikimp\/kommikimp-luksus\/\" \/>\n<meta property=\"og:site_name\" content=\"\u0421\u043b\u0430\u0434\u043a\u0438\u0439 \u0431\u0443\u043a\u0435\u0442 \u0438\u0437 \u043a\u043e\u043d\u0444\u0435\u0442\" \/>\n<meta property=\"article:modified_time\" content=\"2024-11-19T09:51:31+00:00\" \/>\n<meta property=\"og:image\" content=\"https:\/\/kimpkommidest.ee\/wp-content\/uploads\/2017\/09\/IMG_6136-\u2014-\u043a\u043e\u043f\u0438\u044f-\u2014-\u043a\u043e\u043f\u0438\u044f-scaled.jpg\" \/>\n\t<meta property=\"og:image:width\" content=\"2560\" \/>\n\t<meta property=\"og:image:height\" content=\"1920\" \/>\n\t<meta property=\"og:image:type\" content=\"image\/jpeg\" \/>\n<meta name=\"twitter:card\" content=\"summary_large_image\" \/>\n<script type=\"application\/ld+json\" class=\"yoast-schema-graph\">{\"@context\":\"https:\/\/schema.org\",\"@graph\":[{\"@type\":\"WebPage\",\"@id\":\"https:\/\/kimpkommidest.ee\/shop\/kommikimp\/kommikimp-luksus\/\",\"url\":\"https:\/\/kimpkommidest.ee\/shop\/kommikimp\/kommikimp-luksus\/\",\"name\":\"[:et]Kommikimp \\\"Luksus\\\"\ud83c\udf80[:ru]\u0411\u0443\u043a\u0435\u0442 \u0438\u0437 \u043a\u043e\u043d\u0444\u0435\u0442 \\\"\u0420\u043e\u0441\u043a\u043e\u0448\u044c\\\"\ud83c\udf80[:] - \u0421\u043b\u0430\u0434\u043a\u0438\u0439 \u0431\u0443\u043a\u0435\u0442 \u0438\u0437 \u043a\u043e\u043d\u0444\u0435\u0442\",\"isPartOf\":{\"@id\":\"https:\/\/kimpkommidest.ee\/ru\/#website\"},\"primaryImageOfPage\":{\"@id\":\"https:\/\/kimpkommidest.ee\/shop\/kommikimp\/kommikimp-luksus\/#primaryimage\"},\"image\":{\"@id\":\"https:\/\/kimpkommidest.ee\/shop\/kommikimp\/kommikimp-luksus\/#primaryimage\"},\"thumbnailUrl\":\"https:\/\/kimpkommidest.ee\/wp-content\/uploads\/2017\/09\/IMG_6136-\u2014-\u043a\u043e\u043f\u0438\u044f-\u2014-\u043a\u043e\u043f\u0438\u044f-scaled.jpg\",\"datePublished\":\"2017-09-05T20:27:15+00:00\",\"dateModified\":\"2024-11-19T09:51:31+00:00\",\"breadcrumb\":{\"@id\":\"https:\/\/kimpkommidest.ee\/shop\/kommikimp\/kommikimp-luksus\/#breadcrumb\"},\"inLanguage\":\"ru-RU\",\"potentialAction\":[{\"@type\":\"ReadAction\",\"target\":[\"https:\/\/kimpkommidest.ee\/shop\/kommikimp\/kommikimp-luksus\/\"]}]},{\"@type\":\"ImageObject\",\"inLanguage\":\"ru-RU\",\"@id\":\"https:\/\/kimpkommidest.ee\/shop\/kommikimp\/kommikimp-luksus\/#primaryimage\",\"url\":\"https:\/\/kimpkommidest.ee\/wp-content\/uploads\/2017\/09\/IMG_6136-\u2014-\u043a\u043e\u043f\u0438\u044f-\u2014-\u043a\u043e\u043f\u0438\u044f-scaled.jpg\",\"contentUrl\":\"https:\/\/kimpkommidest.ee\/wp-content\/uploads\/2017\/09\/IMG_6136-\u2014-\u043a\u043e\u043f\u0438\u044f-\u2014-\u043a\u043e\u043f\u0438\u044f-scaled.jpg\",\"width\":2560,\"height\":1920},{\"@type\":\"BreadcrumbList\",\"@id\":\"https:\/\/kimpkommidest.ee\/shop\/kommikimp\/kommikimp-luksus\/#breadcrumb\",\"itemListElement\":[{\"@type\":\"ListItem\",\"position\":1,\"name\":\"\u0413\u043b\u0430\u0432\u043d\u0430\u044f \u0441\u0442\u0440\u0430\u043d\u0438\u0446\u0430\",\"item\":\"https:\/\/kimpkommidest.ee\/\"},{\"@type\":\"ListItem\",\"position\":2,\"name\":\"\u041c\u0430\u0433\u0430\u0437\u0438\u043d\",\"item\":\"https:\/\/kimpkommidest.ee\/\"},{\"@type\":\"ListItem\",\"position\":3,\"name\":\"[:et]Kommikimp &#171;Luksus&#187;\ud83c\udf80[:ru]\u0411\u0443\u043a\u0435\u0442 \u0438\u0437 \u043a\u043e\u043d\u0444\u0435\u0442 &#171;\u0420\u043e\u0441\u043a\u043e\u0448\u044c&#187;\ud83c\udf80[:]\"}]},{\"@type\":\"WebSite\",\"@id\":\"https:\/\/kimpkommidest.ee\/ru\/#website\",\"url\":\"https:\/\/kimpkommidest.ee\/ru\/\",\"name\":\"\u0421\u043b\u0430\u0434\u043a\u0438\u0439 \u0431\u0443\u043a\u0435\u0442 \u0438\u0437 \u043a\u043e\u043d\u0444\u0435\u0442\",\"description\":\"\u0417\u0430\u043c\u0435\u0447\u0430\u0442\u0435\u043b\u044c\u043d\u044b\u0439 \u043f\u043e\u0434\u0430\u0440\u043e\u043a \u0434\u043b\u044f \u0431\u043b\u0438\u0437\u043a\u0438\u0445\",\"potentialAction\":[{\"@type\":\"SearchAction\",\"target\":{\"@type\":\"EntryPoint\",\"urlTemplate\":\"https:\/\/kimpkommidest.ee\/ru\/?s={search_term_string}\"},\"query-input\":\"required name=search_term_string\"}],\"inLanguage\":\"ru-RU\"}]}<\/script>\n<!-- \/ Yoast SEO plugin. -->","yoast_head_json":{"title":"[:et]Kommikimp \"Luksus\"\ud83c\udf80[:ru]\u0411\u0443\u043a\u0435\u0442 \u0438\u0437 \u043a\u043e\u043d\u0444\u0435\u0442 \"\u0420\u043e\u0441\u043a\u043e\u0448\u044c\"\ud83c\udf80[:] - \u0421\u043b\u0430\u0434\u043a\u0438\u0439 \u0431\u0443\u043a\u0435\u0442 \u0438\u0437 \u043a\u043e\u043d\u0444\u0435\u0442","robots":{"index":"index","follow":"follow","max-snippet":"max-snippet:-1","max-image-preview":"max-image-preview:large","max-video-preview":"max-video-preview:-1"},"canonical":"https:\/\/kimpkommidest.ee\/shop\/kommikimp\/kommikimp-luksus\/","og_locale":"ru_RU","og_type":"article","og_title":"[:et]Kommikimp \"Luksus\"\ud83c\udf80[:ru]\u0411\u0443\u043a\u0435\u0442 \u0438\u0437 \u043a\u043e\u043d\u0444\u0435\u0442 \"\u0420\u043e\u0441\u043a\u043e\u0448\u044c\"\ud83c\udf80[:] - \u0421\u043b\u0430\u0434\u043a\u0438\u0439 \u0431\u0443\u043a\u0435\u0442 \u0438\u0437 \u043a\u043e\u043d\u0444\u0435\u0442","og_description":"[:et]Oran\u017e s\u00fcmboliseerib \ud83c\udf38 r\u00f5\u00f5mu, julgust ja luksust! \ud83d\udc51\u00c4ra h\u00e4bene, n\u00e4ita oma \ud83c\udf05tundeid! Kingi \ud83e\udd81luksuslik kommikimp! Suurus: \ud83e\udd8akeskmine[:ru]\u041e\u0440\u0430\u043d\u0436\u0435\u0432\u044b\u0439 \u0446\u0432\u0435\u0442 - \u0441\u0438\u043c\u0432\u043e\u043b \ud83c\udf6c\u0440\u0430\u0434\u043e\u0441\u0442\u0438, \u0441\u043c\u0435\u043b\u043e\u0441\u0442\u0438 \u0438 \ud83e\udd81\u0440\u043e\u0441\u043a\u043e\u0448\u0438. \u041d\u0435 \u0441\u043a\u0440\u044b\u0432\u0430\u0439 \u0441\u0432\u043e\u0438 \u0447\u0443\u0432\u0441\u0442\u0432\u0430, \u2665\ufe0f\u043f\u043e\u0434\u0430\u0440\u0438 \u0440\u043e\u0441\u043a\u043e\u0448\u043d\u044b\u0439 \u0431\u0443\u043a\u0435\u0442 \ud83d\udc90 \u0438\u0437 \u043a\u043e\u043d\u0444\u0435\u0442!  \u0420\u0430\u0437\u043c\u0435\u0440: \ud83e\udd8a\u0441\u0440\u0435\u0434\u043d\u0438\u0439[:]","og_url":"https:\/\/kimpkommidest.ee\/shop\/kommikimp\/kommikimp-luksus\/","og_site_name":"\u0421\u043b\u0430\u0434\u043a\u0438\u0439 \u0431\u0443\u043a\u0435\u0442 \u0438\u0437 \u043a\u043e\u043d\u0444\u0435\u0442","article_modified_time":"2024-11-19T09:51:31+00:00","og_image":[{"width":2560,"height":1920,"url":"https:\/\/kimpkommidest.ee\/wp-content\/uploads\/2017\/09\/IMG_6136-\u2014-\u043a\u043e\u043f\u0438\u044f-\u2014-\u043a\u043e\u043f\u0438\u044f-scaled.jpg","type":"image\/jpeg"}],"twitter_card":"summary_large_image","schema":{"@context":"https:\/\/schema.org","@graph":[{"@type":"WebPage","@id":"https:\/\/kimpkommidest.ee\/shop\/kommikimp\/kommikimp-luksus\/","url":"https:\/\/kimpkommidest.ee\/shop\/kommikimp\/kommikimp-luksus\/","name":"[:et]Kommikimp \"Luksus\"\ud83c\udf80[:ru]\u0411\u0443\u043a\u0435\u0442 \u0438\u0437 \u043a\u043e\u043d\u0444\u0435\u0442 \"\u0420\u043e\u0441\u043a\u043e\u0448\u044c\"\ud83c\udf80[:] - \u0421\u043b\u0430\u0434\u043a\u0438\u0439 \u0431\u0443\u043a\u0435\u0442 \u0438\u0437 \u043a\u043e\u043d\u0444\u0435\u0442","isPartOf":{"@id":"https:\/\/kimpkommidest.ee\/ru\/#website"},"primaryImageOfPage":{"@id":"https:\/\/kimpkommidest.ee\/shop\/kommikimp\/kommikimp-luksus\/#primaryimage"},"image":{"@id":"https:\/\/kimpkommidest.ee\/shop\/kommikimp\/kommikimp-luksus\/#primaryimage"},"thumbnailUrl":"https:\/\/kimpkommidest.ee\/wp-content\/uploads\/2017\/09\/IMG_6136-\u2014-\u043a\u043e\u043f\u0438\u044f-\u2014-\u043a\u043e\u043f\u0438\u044f-scaled.jpg","datePublished":"2017-09-05T20:27:15+00:00","dateModified":"2024-11-19T09:51:31+00:00","breadcrumb":{"@id":"https:\/\/kimpkommidest.ee\/shop\/kommikimp\/kommikimp-luksus\/#breadcrumb"},"inLanguage":"ru-RU","potentialAction":[{"@type":"ReadAction","target":["https:\/\/kimpkommidest.ee\/shop\/kommikimp\/kommikimp-luksus\/"]}]},{"@type":"ImageObject","inLanguage":"ru-RU","@id":"https:\/\/kimpkommidest.ee\/shop\/kommikimp\/kommikimp-luksus\/#primaryimage","url":"https:\/\/kimpkommidest.ee\/wp-content\/uploads\/2017\/09\/IMG_6136-\u2014-\u043a\u043e\u043f\u0438\u044f-\u2014-\u043a\u043e\u043f\u0438\u044f-scaled.jpg","contentUrl":"https:\/\/kimpkommidest.ee\/wp-content\/uploads\/2017\/09\/IMG_6136-\u2014-\u043a\u043e\u043f\u0438\u044f-\u2014-\u043a\u043e\u043f\u0438\u044f-scaled.jpg","width":2560,"height":1920},{"@type":"BreadcrumbList","@id":"https:\/\/kimpkommidest.ee\/shop\/kommikimp\/kommikimp-luksus\/#breadcrumb","itemListElement":[{"@type":"ListItem","position":1,"name":"\u0413\u043b\u0430\u0432\u043d\u0430\u044f \u0441\u0442\u0440\u0430\u043d\u0438\u0446\u0430","item":"https:\/\/kimpkommidest.ee\/"},{"@type":"ListItem","position":2,"name":"\u041c\u0430\u0433\u0430\u0437\u0438\u043d","item":"https:\/\/kimpkommidest.ee\/"},{"@type":"ListItem","position":3,"name":"[:et]Kommikimp &#171;Luksus&#187;\ud83c\udf80[:ru]\u0411\u0443\u043a\u0435\u0442 \u0438\u0437 \u043a\u043e\u043d\u0444\u0435\u0442 &#171;\u0420\u043e\u0441\u043a\u043e\u0448\u044c&#187;\ud83c\udf80[:]"}]},{"@type":"WebSite","@id":"https:\/\/kimpkommidest.ee\/ru\/#website","url":"https:\/\/kimpkommidest.ee\/ru\/","name":"\u0421\u043b\u0430\u0434\u043a\u0438\u0439 \u0431\u0443\u043a\u0435\u0442 \u0438\u0437 \u043a\u043e\u043d\u0444\u0435\u0442","description":"\u0417\u0430\u043c\u0435\u0447\u0430\u0442\u0435\u043b\u044c\u043d\u044b\u0439 \u043f\u043e\u0434\u0430\u0440\u043e\u043a \u0434\u043b\u044f \u0431\u043b\u0438\u0437\u043a\u0438\u0445","potentialAction":[{"@type":"SearchAction","target":{"@type":"EntryPoint","urlTemplate":"https:\/\/kimpkommidest.ee\/ru\/?s={search_term_string}"},"query-input":"required name=search_term_string"}],"inLanguage":"ru-RU"}]}},"_links":{"self":[{"href":"https:\/\/kimpkommidest.ee\/ru\/wp-json\/wp\/v2\/product\/151"}],"collection":[{"href":"https:\/\/kimpkommidest.ee\/ru\/wp-json\/wp\/v2\/product"}],"about":[{"href":"https:\/\/kimpkommidest.ee\/ru\/wp-json\/wp\/v2\/types\/product"}],"wp:featuredmedia":[{"embeddable":true,"href":"https:\/\/kimpkommidest.ee\/ru\/wp-json\/wp\/v2\/media\/701"}],"wp:attachment":[{"href":"https:\/\/kimpkommidest.ee\/ru\/wp-json\/wp\/v2\/media?parent=151"}],"wp:term":[{"taxonomy":"product_cat","embeddable":true,"href":"https:\/\/kimpkommidest.ee\/ru\/wp-json\/wp\/v2\/product_cat?post=151"},{"taxonomy":"product_tag","embeddable":true,"href":"https:\/\/kimpkommidest.ee\/ru\/wp-json\/wp\/v2\/product_tag?post=151"}],"curies":[{"name":"wp","href":"https:\/\/api.w.org\/{rel}","templated":true}]}}